{"id":10918,"date":"2024-07-15T15:56:11","date_gmt":"2024-07-15T19:56:11","guid":{"rendered":"https:\/\/ergpr.com\/?page_id=10918"},"modified":"2024-07-23T16:35:21","modified_gmt":"2024-07-23T20:35:21","slug":"membresia-variada-wave-cruise","status":"publish","type":"page","link":"https:\/\/ergpr.com\/en\/membresia-variada-wave-cruise\/","title":{"rendered":"Membres\u00eda Variada Wave Cruise"},"content":{"rendered":"\t\t<div data-elementor-type=\"wp-page\" data-elementor-id=\"10918\" class=\"elementor elementor-10918\">\n\t\t\t\t\t\t<section class=\"elementor-section elementor-top-section elementor-element elementor-element-d4c73aa elementor-section-boxed elementor-section-height-default elementor-section-height-default\" data-id=\"d4c73aa\" data-element_type=\"section\" data-settings=\"{&quot;background_background&quot;:&quot;video&quot;}\">\n\t\t\t\t\t\t<div class=\"elementor-container elementor-column-gap-default\">\n\t\t\t\t\t<div class=\"jvfrm-parallax-section elementor-column elementor-col-100 elementor-top-column elementor-element elementor-element-3b4c8fc\" data-id=\"3b4c8fc\" data-element_type=\"column\">\n\t\t\t<div class=\"elementor-widget-wrap elementor-element-populated\">\n\t\t\t\t\t\t<div class=\"elementor-element elementor-element-e99f066 elementor-widget elementor-widget-jv-heading\" data-id=\"e99f066\" data-element_type=\"widget\" data-widget_type=\"jv-heading.default\">\n\t\t\t\t<div class=\"elementor-widget-container\">\n\t\t\t<div class='sub-heading-text'><\/div><div class=\"heading-wapper style1\">\r\n    <h3 class=\"heading-header jv-heading-style1\">\r\n\t\t                        \r\n                <span class=\"jv-heading-text\" >Waves Cruise<\/span>\r\n\r\n                            <span class=\"jv-heading-style7-strip bottom\"><\/span>\r\n                \r\n\t\t    <\/h3>\r\n<\/div>\r\n<span class='des-heading-text'>Membres\u00eda<\/span>\r\n\r\n    \t\t<\/div>\n\t\t\t\t<\/div>\n\t\t\t\t<div class=\"elementor-element elementor-element-714f812 elementor-widget elementor-widget-image\" data-id=\"714f812\" data-element_type=\"widget\" data-widget_type=\"image.default\">\n\t\t\t\t<div class=\"elementor-widget-container\">\n\t\t\t<style>\/*! elementor - v3.22.0 - 26-06-2024 *\/\n.elementor-widget-image{text-align:center}.elementor-widget-image a{display:inline-block}.elementor-widget-image a img[src$=\".svg\"]{width:48px}.elementor-widget-image img{vertical-align:middle;display:inline-block}<\/style>\t\t\t\t\t\t\t\t\t\t<img decoding=\"async\" src=\"https:\/\/ergpr.com\/wp-content\/uploads\/elementor\/thumbs\/wavecruiselogo-r68lyn2gzgzq74zmzjq5fpmf8u23h1g2kdwuq7umh0.png\" title=\"wavecruiselogo\" alt=\"wavecruiselogo\" loading=\"lazy\" \/>\t\t\t\t\t\t\t\t\t\t\t\t\t<\/div>\n\t\t\t\t<\/div>\n\t\t\t\t\t<\/div>\n\t\t<\/div>\n\t\t\t\t\t<\/div>\n\t\t<\/section>\n\t\t\t\t<section class=\"elementor-section elementor-top-section elementor-element elementor-element-6c28189 elementor-section-boxed elementor-section-height-default elementor-section-height-default\" data-id=\"6c28189\" data-element_type=\"section\" data-settings=\"{&quot;background_background&quot;:&quot;video&quot;,&quot;background_video_link&quot;:&quot;https:\\\/\\\/www.youtube.com\\\/watch?v=GJPlAtisr4o&quot;}\">\n\t\t\t\t\t\t\t\t<div class=\"elementor-background-video-container elementor-hidden-phone\">\n\t\t\t\t\t\t\t\t\t\t\t\t\t<div class=\"elementor-background-video-embed\"><\/div>\n\t\t\t\t\t\t\t\t\t\t\t\t<\/div>\n\t\t\t\t\t\t\t\t\t<div class=\"elementor-background-overlay\"><\/div>\n\t\t\t\t\t\t\t<div class=\"elementor-container elementor-column-gap-default\">\n\t\t\t\t\t<div class=\"jvfrm-parallax-section elementor-column elementor-col-33 elementor-top-column elementor-element elementor-element-69552c4\" data-id=\"69552c4\" data-element_type=\"column\">\n\t\t\t<div class=\"elementor-widget-wrap\">\n\t\t\t\t\t\t\t<\/div>\n\t\t<\/div>\n\t\t\t\t<div class=\"jvfrm-parallax-section elementor-column elementor-col-33 elementor-top-column elementor-element elementor-element-31fff58\" data-id=\"31fff58\" data-element_type=\"column\" data-settings=\"{&quot;background_background&quot;:&quot;classic&quot;}\">\n\t\t\t<div class=\"elementor-widget-wrap elementor-element-populated\">\n\t\t\t\t\t\t<div class=\"elementor-element elementor-element-c0289cb elementor-widget elementor-widget-jv-heading\" data-id=\"c0289cb\" data-element_type=\"widget\" data-widget_type=\"jv-heading.default\">\n\t\t\t\t<div class=\"elementor-widget-container\">\n\t\t\t<div class=\"heading-wapper style1\">\r\n    <h3 class=\"heading-header jv-heading-style1\">\r\n\t\t                        \r\n                <span class=\"jv-heading-text\" >Beneficios<\/span>\r\n\r\n                            <span class=\"jv-heading-style7-strip bottom\"><\/span>\r\n                \r\n\t\t    <\/h3>\r\n<\/div>\r\n\r\n\r\n    \t\t<\/div>\n\t\t\t\t<\/div>\n\t\t\t\t<div class=\"elementor-element elementor-element-459fed5 elementor-widget elementor-widget-text-editor\" data-id=\"459fed5\" data-element_type=\"widget\" data-widget_type=\"text-editor.default\">\n\t\t\t\t<div class=\"elementor-widget-container\">\n\t\t\t<style>\/*! elementor - v3.22.0 - 26-06-2024 *\/\n.elementor-widget-text-editor.elementor-drop-cap-view-stacked .elementor-drop-cap{background-color:#69727d;color:#fff}.elementor-widget-text-editor.elementor-drop-cap-view-framed .elementor-drop-cap{color:#69727d;border:3px solid;background-color:transparent}.elementor-widget-text-editor:not(.elementor-drop-cap-view-default) .elementor-drop-cap{margin-top:8px}.elementor-widget-text-editor:not(.elementor-drop-cap-view-default) .elementor-drop-cap-letter{width:1em;height:1em}.elementor-widget-text-editor .elementor-drop-cap{float:left;text-align:center;line-height:1;font-size:50px}.elementor-widget-text-editor .elementor-drop-cap-letter{display:inline-block}<\/style>\t\t\t\t<ul><li><p>Disfruta desde 15% de descuento en reservaciones en l\u00edneas de cruceros a nivel mundial.<\/p><\/li><li><p>Servicio de reserva personalizado para que t\u00fa estad\u00eda est\u00e9 dise\u00f1ada exactamente a tu predilecci\u00f3n.<\/p><\/li><li><p>Asociados a las mejores plataformas Internacionales de reserva, aseguramos que cada estancia sea una experiencia inolvidable en los destinos m\u00e1s deslumbrantes del mundo, a precios accesibles.<\/p><\/li><\/ul>\t\t\t\t\t\t<\/div>\n\t\t\t\t<\/div>\n\t\t\t\t<div class=\"elementor-element elementor-element-beeb9a2 elementor-align-center elementor-widget elementor-widget-button\" data-id=\"beeb9a2\" data-element_type=\"widget\" data-widget_type=\"button.default\">\n\t\t\t\t<div class=\"elementor-widget-container\">\n\t\t\t\t\t<div class=\"elementor-button-wrapper\">\n\t\t\t<a class=\"elementor-button elementor-button-link elementor-size-sm\" href=\"https:\/\/ergpr.com\/wave-cruise\/\">\n\t\t\t\t\t\t<span class=\"elementor-button-content-wrapper\">\n\t\t\t\t\t\t\t\t\t<span class=\"elementor-button-text\">Ver Perfil<\/span>\n\t\t\t\t\t<\/span>\n\t\t\t\t\t<\/a>\n\t\t<\/div>\n\t\t\t\t<\/div>\n\t\t\t\t<\/div>\n\t\t\t\t\t<\/div>\n\t\t<\/div>\n\t\t\t\t<div class=\"jvfrm-parallax-section elementor-column elementor-col-33 elementor-top-column elementor-element elementor-element-ee5fc4a\" data-id=\"ee5fc4a\" data-element_type=\"column\">\n\t\t\t<div class=\"elementor-widget-wrap\">\n\t\t\t\t\t\t\t<\/div>\n\t\t<\/div>\n\t\t\t\t\t<\/div>\n\t\t<\/section>\n\t\t\t\t<section class=\"elementor-section elementor-top-section elementor-element elementor-element-50d2243 elementor-section-boxed elementor-section-height-default elementor-section-height-default\" data-id=\"50d2243\" data-element_type=\"section\">\n\t\t\t\t\t\t<div class=\"elementor-container elementor-column-gap-default\">\n\t\t\t\t\t<div class=\"jvfrm-parallax-section elementor-column elementor-col-50 elementor-top-column elementor-element elementor-element-f429ae8\" data-id=\"f429ae8\" data-element_type=\"column\">\n\t\t\t<div class=\"elementor-widget-wrap elementor-element-populated\">\n\t\t\t\t\t\t<div class=\"elementor-element elementor-element-bf95ffa elementor-widget elementor-widget-jvbpd-button\" data-id=\"bf95ffa\" data-element_type=\"widget\" data-widget_type=\"jvbpd-button.default\">\n\t\t\t\t<div class=\"elementor-widget-container\">\n\t\t\t\t\t<div class=\"jvbpd-button__container\">\r\n\t\t\t<a class=\"jvbpd-advanced-button jvbpd-advanced-button--icon-left hover-effect-0\" href=\"\/membresias-variadas\/\" target=\"_self\" rel=\"\" >\r\n\t\t\t\t<div class=\"jvbpd-button_wapper jvbpd-button_wrapper-normal\"><\/div>\r\n\t\t\t\t<div class=\"jvbpd-button_wapper jvbpd-button_wrapper-hover\"><\/div>\r\n\t\t\t\t<div class=\"jvbpd-button_inner jvbpd-button_inner-normal\">\r\n\t\t\t\t\t<span class=\"jvbpd-button_txt\">Volver a p\u00e1gina de membres\u00edas<\/span>\t\t\t\t<\/div>\r\n\t\t\t\t<div class=\"jvbpd-button_inner jvbpd-button_inner-hover\">\r\n\t\t\t\t\t<span class=\"jvbpd-button_icon\"><i class=\"fa fa-angle-left\"><\/i><\/span><span class=\"jvbpd-button_txt\">Volver a p\u00e1gina de membres\u00edas<\/span>\t\t\t\t<\/div>\r\n\t\t\t<\/a>\r\n\t\t<\/div>\r\n\t\t\t\t<\/div>\n\t\t\t\t<\/div>\n\t\t\t\t\t<\/div>\n\t\t<\/div>\n\t\t\t\t<div class=\"jvfrm-parallax-section elementor-column elementor-col-50 elementor-top-column elementor-element elementor-element-d1375dc\" data-id=\"d1375dc\" data-element_type=\"column\">\n\t\t\t<div class=\"elementor-widget-wrap elementor-element-populated\">\n\t\t\t\t\t\t<div class=\"elementor-element elementor-element-c0da7a6 elementor-widget elementor-widget-jvbpd-button\" data-id=\"c0da7a6\" data-element_type=\"widget\" data-widget_type=\"jvbpd-button.default\">\n\t\t\t\t<div class=\"elementor-widget-container\">\n\t\t\t\t\t<div class=\"jvbpd-button__container\">\r\n\t\t\t<a class=\"jvbpd-advanced-button jvbpd-advanced-button--icon-left hover-effect-0\" href=\"https:\/\/ergpr.com\/es\/niveles-de-membresia\/\" target=\"_self\" rel=\"\" >\r\n\t\t\t\t<div class=\"jvbpd-button_wapper jvbpd-button_wrapper-normal\"><\/div>\r\n\t\t\t\t<div class=\"jvbpd-button_wapper jvbpd-button_wrapper-hover\"><\/div>\r\n\t\t\t\t<div class=\"jvbpd-button_inner jvbpd-button_inner-normal\">\r\n\t\t\t\t\t<span class=\"jvbpd-button_txt\">Comprar membres\u00eda<\/span>\t\t\t\t<\/div>\r\n\t\t\t\t<div class=\"jvbpd-button_inner jvbpd-button_inner-hover\">\r\n\t\t\t\t\t<span class=\"jvbpd-button_txt\">Comprar membres\u00eda<\/span>\t\t\t\t<\/div>\r\n\t\t\t<\/a>\r\n\t\t<\/div>\r\n\t\t\t\t<\/div>\n\t\t\t\t<\/div>\n\t\t\t\t\t<\/div>\n\t\t<\/div>\n\t\t\t\t\t<\/div>\n\t\t<\/section>\n\t\t\t\t<\/div>\n\t\t","protected":false},"excerpt":{"rendered":"<p>Waves Cruise Membres\u00eda Beneficios Disfruta desde 15% de descuento en reservaciones en l\u00edneas de cruceros a nivel mundial. Servicio de reserva personalizado para que t\u00fa estad\u00eda est\u00e9 dise\u00f1ada exactamente a tu predilecci\u00f3n. Asociados a las mejores plataformas Internacionales de reserva, aseguramos que cada estancia sea una experiencia inolvidable en los destinos m\u00e1s deslumbrantes del mundo, [&hellip;]<\/p>\n","protected":false},"author":220,"featured_media":0,"parent":0,"menu_order":0,"comment_status":"closed","ping_status":"closed","template":"","meta":{"_acf_changed":false,"pmpro_default_level":0,"footnotes":""},"class_list":["post-10918","page","type-page","status-publish","hentry","pmpro-has-access"],"acf":[],"aioseo_notices":[],"_links":{"self":[{"href":"https:\/\/ergpr.com\/en\/wp-json\/wp\/v2\/pages\/10918","targetHints":{"allow":["GET"]}}],"collection":[{"href":"https:\/\/ergpr.com\/en\/wp-json\/wp\/v2\/pages"}],"about":[{"href":"https:\/\/ergpr.com\/en\/wp-json\/wp\/v2\/types\/page"}],"author":[{"embeddable":true,"href":"https:\/\/ergpr.com\/en\/wp-json\/wp\/v2\/users\/220"}],"replies":[{"embeddable":true,"href":"https:\/\/ergpr.com\/en\/wp-json\/wp\/v2\/comments?post=10918"}],"version-history":[{"count":11,"href":"https:\/\/ergpr.com\/en\/wp-json\/wp\/v2\/pages\/10918\/revisions"}],"predecessor-version":[{"id":11170,"href":"https:\/\/ergpr.com\/en\/wp-json\/wp\/v2\/pages\/10918\/revisions\/11170"}],"wp:attachment":[{"href":"https:\/\/ergpr.com\/en\/wp-json\/wp\/v2\/media?parent=10918"}],"curies":[{"name":"wp","href":"https:\/\/api.w.org\/{rel}","templated":true}]}}