{"id":585,"date":"2018-06-14T06:36:26","date_gmt":"2018-06-14T10:36:26","guid":{"rendered":"https:\/\/playo1.wpjavo.com\/directory\/directory-about-us\/"},"modified":"2023-10-27T16:24:17","modified_gmt":"2023-10-27T20:24:17","slug":"sobre-nosotros","status":"publish","type":"page","link":"https:\/\/ergpr.com\/en\/sobre-nosotros\/","title":{"rendered":"About Us"},"content":{"rendered":"\t\t<div data-elementor-type=\"wp-post\" data-elementor-id=\"585\" class=\"elementor elementor-585\">\n\t\t\t\t\t\t<section class=\"elementor-section elementor-top-section elementor-element elementor-element-d266424 elementor-section-height-min-height elementor-section-items-bottom elementor-section-boxed elementor-section-height-default\" data-id=\"d266424\" data-element_type=\"section\" data-settings=\"{&quot;background_background&quot;:&quot;classic&quot;}\">\n\t\t\t\t\t\t\t<div class=\"elementor-background-overlay\"><\/div>\n\t\t\t\t\t\t\t<div class=\"elementor-container elementor-column-gap-default\">\n\t\t\t\t\t<div class=\"jvfrm-parallax-section elementor-column elementor-col-100 elementor-top-column elementor-element elementor-element-53aeaa5\" data-id=\"53aeaa5\" data-element_type=\"column\">\n\t\t\t<div class=\"elementor-widget-wrap elementor-element-populated\">\n\t\t\t\t\t\t<div class=\"elementor-element elementor-element-0a18fcb elementor-widget elementor-widget-jv-heading\" data-id=\"0a18fcb\" data-element_type=\"widget\" data-widget_type=\"jv-heading.default\">\n\t\t\t\t<div class=\"elementor-widget-container\">\n\t\t\t<div class=\"heading-wapper style1\">\r\n    <div class=\"heading-header jv-heading-style1\">\r\n\t\t                        \r\n                <span class=\"jv-heading-text\" >Sobre Nosotros<\/span>\r\n\r\n                            <span class=\"jv-heading-style7-strip bottom\"><\/span>\r\n                \r\n\t\t    <\/div>\r\n<\/div>\r\n\r\n\r\n    \t\t<\/div>\n\t\t\t\t<\/div>\n\t\t\t\t\t<\/div>\n\t\t<\/div>\n\t\t\t\t\t<\/div>\n\t\t<\/section>\n\t\t\t\t<section class=\"elementor-section elementor-top-section elementor-element elementor-element-e506e1c elementor-section-boxed elementor-section-height-default elementor-section-height-default\" data-id=\"e506e1c\" data-element_type=\"section\" data-settings=\"{&quot;background_background&quot;:&quot;classic&quot;}\">\n\t\t\t\t\t\t<div class=\"elementor-container elementor-column-gap-default\">\n\t\t\t\t\t<div class=\"jvfrm-parallax-section elementor-column elementor-col-50 elementor-top-column elementor-element elementor-element-b0c26b4\" data-id=\"b0c26b4\" data-element_type=\"column\">\n\t\t\t<div class=\"elementor-widget-wrap elementor-element-populated\">\n\t\t\t\t\t\t<div class=\"elementor-element elementor-element-15196ef elementor-widget elementor-widget-text-editor\" data-id=\"15196ef\" data-element_type=\"widget\" data-widget_type=\"text-editor.default\">\n\t\t\t\t<div class=\"elementor-widget-container\">\n\t\t\t<style>\/*! elementor - v3.22.0 - 26-06-2024 *\/\n.elementor-widget-text-editor.elementor-drop-cap-view-stacked .elementor-drop-cap{background-color:#69727d;color:#fff}.elementor-widget-text-editor.elementor-drop-cap-view-framed .elementor-drop-cap{color:#69727d;border:3px solid;background-color:transparent}.elementor-widget-text-editor:not(.elementor-drop-cap-view-default) .elementor-drop-cap{margin-top:8px}.elementor-widget-text-editor:not(.elementor-drop-cap-view-default) .elementor-drop-cap-letter{width:1em;height:1em}.elementor-widget-text-editor .elementor-drop-cap{float:left;text-align:center;line-height:1;font-size:50px}.elementor-widget-text-editor .elementor-drop-cap-letter{display:inline-block}<\/style>\t\t\t\t<h2>Nuestra Historia<\/h2><p>En el coraz\u00f3n de nuestra historia se encuentra una mujer apasionada y valiente, con m\u00e1s de 25 a\u00f1os de experiencia en la industria de ventas de membres\u00edas de lealtad en hoteles y en turismo en general. Despu\u00e9s de dos d\u00e9cadas dedicadas al arte de crear conexiones genuinas con los clientes y comprender sus sue\u00f1os de hacer turismo, decidi\u00f3 dar un salto audaz y emprender su propio camino. Esta decisi\u00f3n no vino sin desaf\u00edos; enfrent\u00f3 dudas y momentos de incertidumbre, pero en cada obst\u00e1culo encontr\u00f3 una oportunidad para crecer. Su determinaci\u00f3n y pasi\u00f3n por un turismo significativo la llevaron a fundar nuestra empresa con un prop\u00f3sito claro: ofrecer experiencias de vacaciones aut\u00e9nticas que no solo enriquezcan las vidas de nuestros clientes, sino tambi\u00e9n contribuyan positivamente a las comunidades locales. Turismo con prop\u00f3sito es m\u00e1s que un lema para nosotros; es nuestro compromiso de guiar a cada turista hacia su propio viaje transformador que deja una huella duradera en sus corazones y en el mundo que exploran.<\/p>\t\t\t\t\t\t<\/div>\n\t\t\t\t<\/div>\n\t\t\t\t\t<\/div>\n\t\t<\/div>\n\t\t\t\t<div class=\"jvfrm-parallax-section elementor-column elementor-col-50 elementor-top-column elementor-element elementor-element-35edff1\" data-id=\"35edff1\" data-element_type=\"column\">\n\t\t\t<div class=\"elementor-widget-wrap elementor-element-populated\">\n\t\t\t\t\t\t<div class=\"elementor-element elementor-element-ef21205 elementor-widget elementor-widget-image\" data-id=\"ef21205\" data-element_type=\"widget\" data-widget_type=\"image.default\">\n\t\t\t\t<div class=\"elementor-widget-container\">\n\t\t\t<style>\/*! elementor - v3.22.0 - 26-06-2024 *\/\n.elementor-widget-image{text-align:center}.elementor-widget-image a{display:inline-block}.elementor-widget-image a img[src$=\".svg\"]{width:48px}.elementor-widget-image img{vertical-align:middle;display:inline-block}<\/style>\t\t\t\t\t\t\t\t\t\t<img decoding=\"async\" src=\"https:\/\/playo1.wpjavo.com\/wp-content\/uploads\/2018\/11\/cityplace-846402_1920.jpg\" title=\"\" alt=\"\" loading=\"lazy\" \/>\t\t\t\t\t\t\t\t\t\t\t\t\t<\/div>\n\t\t\t\t<\/div>\n\t\t\t\t\t<\/div>\n\t\t<\/div>\n\t\t\t\t\t<\/div>\n\t\t<\/section>\n\t\t\t\t<section class=\"elementor-section elementor-top-section elementor-element elementor-element-0251101 elementor-section-height-min-height elementor-section-boxed elementor-section-height-default elementor-section-items-middle\" data-id=\"0251101\" data-element_type=\"section\" data-settings=\"{&quot;background_background&quot;:&quot;classic&quot;}\">\n\t\t\t\t\t\t<div class=\"elementor-container elementor-column-gap-default\">\n\t\t\t\t\t<div class=\"jvfrm-parallax-section elementor-column elementor-col-50 elementor-top-column elementor-element elementor-element-902ac70\" data-id=\"902ac70\" data-element_type=\"column\">\n\t\t\t<div class=\"elementor-widget-wrap elementor-element-populated\">\n\t\t\t\t\t\t<div class=\"elementor-element elementor-element-806009a elementor-widget elementor-widget-image\" data-id=\"806009a\" data-element_type=\"widget\" data-widget_type=\"image.default\">\n\t\t\t\t<div class=\"elementor-widget-container\">\n\t\t\t\t\t\t\t\t\t\t\t\t\t<img decoding=\"async\" src=\"https:\/\/playo1.wpjavo.com\/wp-content\/uploads\/2018\/11\/Restoran.jpg\" title=\"\" alt=\"\" loading=\"lazy\" \/>\t\t\t\t\t\t\t\t\t\t\t\t\t<\/div>\n\t\t\t\t<\/div>\n\t\t\t\t\t<\/div>\n\t\t<\/div>\n\t\t\t\t<div class=\"jvfrm-parallax-section elementor-column elementor-col-50 elementor-top-column elementor-element elementor-element-eb7fbf4\" data-id=\"eb7fbf4\" data-element_type=\"column\">\n\t\t\t<div class=\"elementor-widget-wrap elementor-element-populated\">\n\t\t\t\t\t\t<div class=\"elementor-element elementor-element-32740c2 elementor-widget elementor-widget-text-editor\" data-id=\"32740c2\" data-element_type=\"widget\" data-widget_type=\"text-editor.default\">\n\t\t\t\t<div class=\"elementor-widget-container\">\n\t\t\t\t\t\t\t<p>En cada vacaciones que organizamos, llevamos consigo la rica herencia de esa experiencia de ventas, combinada con la pasi\u00f3n por descubrir destinos fascinantes y aut\u00e9nticos. Cada dificultad superada en nuestro viaje emprendedor ha fortalecido nuestra determinaci\u00f3n de ofrecer algo m\u00e1s que simples vacaciones: ofrecemos aventuras que nutren el alma y fomentan la comprensi\u00f3n intracultural (entre otros). Nos enorgullecemos de ser artesanos de experiencias, curando vacaciones que no solo crean recuerdos inolvidables, sino tambi\u00e9n impacto positivo. \u00danete a nosotros en este emocionante viaje y descubre un mundo donde cada aventura turistica tiene un prop\u00f3sito, donde cada exploraci\u00f3n enriquece y donde cada cliente es parte de una historia m\u00e1s grande: el viaje hacia un turismo con prop\u00f3sito.<\/p>\t\t\t\t\t\t<\/div>\n\t\t\t\t<\/div>\n\t\t\t\t\t<\/div>\n\t\t<\/div>\n\t\t\t\t\t<\/div>\n\t\t<\/section>\n\t\t\t\t<\/div>\n\t\t","protected":false},"excerpt":{"rendered":"<p>Sobre Nosotros Nuestra Historia En el coraz\u00f3n de nuestra historia se encuentra una mujer apasionada y valiente, con m\u00e1s de 25 a\u00f1os de experiencia en la industria de ventas de membres\u00edas de lealtad en hoteles y en turismo en general. Despu\u00e9s de dos d\u00e9cadas dedicadas al arte de crear conexiones genuinas con los clientes y [&hellip;]<\/p>\n","protected":false},"author":220,"featured_media":0,"parent":0,"menu_order":0,"comment_status":"closed","ping_status":"closed","template":"elementor_header_footer","meta":{"_acf_changed":false,"pmpro_default_level":0,"footnotes":""},"class_list":["post-585","page","type-page","status-publish","hentry","pmpro-has-access"],"acf":[],"aioseo_notices":[],"_links":{"self":[{"href":"https:\/\/ergpr.com\/en\/wp-json\/wp\/v2\/pages\/585","targetHints":{"allow":["GET"]}}],"collection":[{"href":"https:\/\/ergpr.com\/en\/wp-json\/wp\/v2\/pages"}],"about":[{"href":"https:\/\/ergpr.com\/en\/wp-json\/wp\/v2\/types\/page"}],"author":[{"embeddable":true,"href":"https:\/\/ergpr.com\/en\/wp-json\/wp\/v2\/users\/220"}],"replies":[{"embeddable":true,"href":"https:\/\/ergpr.com\/en\/wp-json\/wp\/v2\/comments?post=585"}],"version-history":[{"count":11,"href":"https:\/\/ergpr.com\/en\/wp-json\/wp\/v2\/pages\/585\/revisions"}],"predecessor-version":[{"id":8224,"href":"https:\/\/ergpr.com\/en\/wp-json\/wp\/v2\/pages\/585\/revisions\/8224"}],"wp:attachment":[{"href":"https:\/\/ergpr.com\/en\/wp-json\/wp\/v2\/media?parent=585"}],"curies":[{"name":"wp","href":"https:\/\/api.w.org\/{rel}","templated":true}]}}