{"id":9993,"date":"2024-02-29T17:19:25","date_gmt":"2024-02-29T21:19:25","guid":{"rendered":"https:\/\/ergpr.com\/?page_id=9993"},"modified":"2024-07-09T16:57:34","modified_gmt":"2024-07-09T20:57:34","slug":"membresia-royals-at-sonesta","status":"publish","type":"page","link":"https:\/\/ergpr.com\/en\/membresia-royals-at-sonesta\/","title":{"rendered":"Membres\u00eda Royals at Sonesta"},"content":{"rendered":"\t\t<div data-elementor-type=\"wp-page\" data-elementor-id=\"9993\" class=\"elementor elementor-9993\">\n\t\t\t\t\t\t<section class=\"elementor-section elementor-top-section elementor-element elementor-element-d4c73aa elementor-section-boxed elementor-section-height-default elementor-section-height-default\" data-id=\"d4c73aa\" data-element_type=\"section\" data-settings=\"{&quot;background_background&quot;:&quot;video&quot;}\">\n\t\t\t\t\t\t<div class=\"elementor-container elementor-column-gap-default\">\n\t\t\t\t\t<div class=\"jvfrm-parallax-section elementor-column elementor-col-100 elementor-top-column elementor-element elementor-element-3b4c8fc\" data-id=\"3b4c8fc\" data-element_type=\"column\">\n\t\t\t<div class=\"elementor-widget-wrap elementor-element-populated\">\n\t\t\t\t\t\t<div class=\"elementor-element elementor-element-e99f066 elementor-widget elementor-widget-jv-heading\" data-id=\"e99f066\" data-element_type=\"widget\" data-widget_type=\"jv-heading.default\">\n\t\t\t\t<div class=\"elementor-widget-container\">\n\t\t\t<div class=\"heading-wapper style1\">\r\n    <h3 class=\"heading-header jv-heading-style1\">\r\n\t\t                        \r\n                <span class=\"jv-heading-text\" >Royals at Sonesta International<\/span>\r\n\r\n                            <span class=\"jv-heading-style7-strip bottom\"><\/span>\r\n                \r\n\t\t    <\/h3>\r\n<\/div>\r\n<span class='des-heading-text'>Membres\u00eda<\/span>\r\n\r\n    \t\t<\/div>\n\t\t\t\t<\/div>\n\t\t\t\t<div class=\"elementor-element elementor-element-714f812 elementor-widget elementor-widget-image\" data-id=\"714f812\" data-element_type=\"widget\" data-widget_type=\"image.default\">\n\t\t\t\t<div class=\"elementor-widget-container\">\n\t\t\t<style>\/*! elementor - v3.22.0 - 26-06-2024 *\/\n.elementor-widget-image{text-align:center}.elementor-widget-image a{display:inline-block}.elementor-widget-image a img[src$=\".svg\"]{width:48px}.elementor-widget-image img{vertical-align:middle;display:inline-block}<\/style>\t\t\t\t\t\t\t\t\t\t<img fetchpriority=\"high\" decoding=\"async\" width=\"500\" height=\"260\" src=\"https:\/\/ergpr.com\/wp-content\/uploads\/2024\/02\/RoyalSonesta_Brownstone.png\" class=\"attachment-large size-large wp-image-9991\" alt=\"\" srcset=\"https:\/\/ergpr.com\/wp-content\/uploads\/2024\/02\/RoyalSonesta_Brownstone.png 500w, https:\/\/ergpr.com\/wp-content\/uploads\/2024\/02\/RoyalSonesta_Brownstone-300x156.png 300w, https:\/\/ergpr.com\/wp-content\/uploads\/2024\/02\/RoyalSonesta_Brownstone-18x9.png 18w\" sizes=\"(max-width: 500px) 100vw, 500px\" \/>\t\t\t\t\t\t\t\t\t\t\t\t\t<\/div>\n\t\t\t\t<\/div>\n\t\t\t\t\t<\/div>\n\t\t<\/div>\n\t\t\t\t\t<\/div>\n\t\t<\/section>\n\t\t\t\t<section class=\"elementor-section elementor-top-section elementor-element elementor-element-6c28189 elementor-section-boxed elementor-section-height-default elementor-section-height-default\" data-id=\"6c28189\" data-element_type=\"section\" data-settings=\"{&quot;background_background&quot;:&quot;video&quot;,&quot;background_video_link&quot;:&quot;https:\\\/\\\/ergpr.com\\\/wp-content\\\/uploads\\\/2024\\\/02\\\/Sonesta-International-Hotels-Sizzle-Reel.mp4&quot;}\">\n\t\t\t\t\t\t\t\t<div class=\"elementor-background-video-container elementor-hidden-phone\">\n\t\t\t\t\t\t\t\t\t\t\t\t\t<video class=\"elementor-background-video-hosted elementor-html5-video\" autoplay muted playsinline loop><\/video>\n\t\t\t\t\t\t\t\t\t\t\t<\/div>\n\t\t\t\t\t\t\t\t\t<div class=\"elementor-background-overlay\"><\/div>\n\t\t\t\t\t\t\t<div class=\"elementor-container elementor-column-gap-default\">\n\t\t\t\t\t<div class=\"jvfrm-parallax-section elementor-column elementor-col-33 elementor-top-column elementor-element elementor-element-69552c4\" data-id=\"69552c4\" data-element_type=\"column\">\n\t\t\t<div class=\"elementor-widget-wrap\">\n\t\t\t\t\t\t\t<\/div>\n\t\t<\/div>\n\t\t\t\t<div class=\"jvfrm-parallax-section elementor-column elementor-col-33 elementor-top-column elementor-element elementor-element-4a046d6\" data-id=\"4a046d6\" data-element_type=\"column\">\n\t\t\t<div class=\"elementor-widget-wrap elementor-element-populated\">\n\t\t\t\t\t\t<div class=\"elementor-element elementor-element-ea8f553 elementor-widget elementor-widget-heading\" data-id=\"ea8f553\" data-element_type=\"widget\" data-widget_type=\"heading.default\">\n\t\t\t\t<div class=\"elementor-widget-container\">\n\t\t\t<style>\/*! elementor - v3.22.0 - 26-06-2024 *\/\n.elementor-heading-title{padding:0;margin:0;line-height:1}.elementor-widget-heading .elementor-heading-title[class*=elementor-size-]>a{color:inherit;font-size:inherit;line-height:inherit}.elementor-widget-heading .elementor-heading-title.elementor-size-small{font-size:15px}.elementor-widget-heading .elementor-heading-title.elementor-size-medium{font-size:19px}.elementor-widget-heading .elementor-heading-title.elementor-size-large{font-size:29px}.elementor-widget-heading .elementor-heading-title.elementor-size-xl{font-size:39px}.elementor-widget-heading .elementor-heading-title.elementor-size-xxl{font-size:59px}<\/style><h2 class=\"elementor-heading-title elementor-size-default\">Hoteles<\/h2>\t\t<\/div>\n\t\t\t\t<\/div>\n\t\t\t\t<div class=\"elementor-element elementor-element-f37ad11 elementor-widget elementor-widget-accordion\" data-id=\"f37ad11\" data-element_type=\"widget\" data-widget_type=\"accordion.default\">\n\t\t\t\t<div class=\"elementor-widget-container\">\n\t\t\t<style>\/*! elementor - v3.22.0 - 26-06-2024 *\/\n.elementor-accordion{text-align:start}.elementor-accordion .elementor-accordion-item{border:1px solid #d5d8dc}.elementor-accordion .elementor-accordion-item+.elementor-accordion-item{border-top:none}.elementor-accordion .elementor-tab-title{margin:0;padding:15px 20px;font-weight:700;line-height:1;cursor:pointer;outline:none}.elementor-accordion .elementor-tab-title .elementor-accordion-icon{display:inline-block;width:1.5em}.elementor-accordion .elementor-tab-title .elementor-accordion-icon svg{width:1em;height:1em}.elementor-accordion .elementor-tab-title .elementor-accordion-icon.elementor-accordion-icon-right{float:right;text-align:right}.elementor-accordion .elementor-tab-title .elementor-accordion-icon.elementor-accordion-icon-left{float:left;text-align:left}.elementor-accordion .elementor-tab-title .elementor-accordion-icon .elementor-accordion-icon-closed{display:block}.elementor-accordion .elementor-tab-title .elementor-accordion-icon .elementor-accordion-icon-opened,.elementor-accordion .elementor-tab-title.elementor-active .elementor-accordion-icon-closed{display:none}.elementor-accordion .elementor-tab-title.elementor-active .elementor-accordion-icon-opened{display:block}.elementor-accordion .elementor-tab-content{display:none;padding:15px 20px;border-top:1px solid #d5d8dc}@media (max-width:767px){.elementor-accordion .elementor-tab-title{padding:12px 15px}.elementor-accordion .elementor-tab-title .elementor-accordion-icon{width:1.2em}.elementor-accordion .elementor-tab-content{padding:7px 15px}}.e-con-inner>.elementor-widget-accordion,.e-con>.elementor-widget-accordion{width:var(--container-widget-width);--flex-grow:var(--container-widget-flex-grow)}<\/style>\t\t<div class=\"elementor-accordion\">\n\t\t\t\t\t\t\t<div class=\"elementor-accordion-item\">\n\t\t\t\t\t<div id=\"elementor-tab-title-2551\" class=\"elementor-tab-title\" data-tab=\"1\" role=\"button\" aria-controls=\"elementor-tab-content-2551\" aria-expanded=\"false\">\n\t\t\t\t\t\t\t\t\t\t\t\t\t<span class=\"elementor-accordion-icon elementor-accordion-icon-left\" aria-hidden=\"true\">\n\t\t\t\t\t\t\t\t\t\t\t\t\t\t\t<span class=\"elementor-accordion-icon-closed\"><i class=\"fas fa-plus\"><\/i><\/span>\n\t\t\t\t\t\t\t\t<span class=\"elementor-accordion-icon-opened\"><i class=\"fas fa-minus\"><\/i><\/span>\n\t\t\t\t\t\t\t\t\t\t\t\t\t\t<\/span>\n\t\t\t\t\t\t\t\t\t\t\t\t<a class=\"elementor-accordion-title\" tabindex=\"0\">Royal Sonesta at San Juan<\/a>\n\t\t\t\t\t<\/div>\n\t\t\t\t\t<div id=\"elementor-tab-content-2551\" class=\"elementor-tab-content elementor-clearfix\" data-tab=\"1\" role=\"region\" aria-labelledby=\"elementor-tab-title-2551\"><h4>Beneficios:<\/h4><p><strong><span class=\"elementor-icon-list-text\">Tarifa preferencial para socios seg\u00fan disponibilidad.<\/span><\/strong><\/p><ul><li><span class=\"HwtZe\" lang=\"es\"><span class=\"jCAhz ChMk0b\"><span class=\"ryNqvb\">Desayuno Continental Diario por habitaci\u00f3n<\/span><\/span> <\/span><\/li><li><span class=\"HwtZe\" lang=\"es\"><span class=\"jCAhz ChMk0b\"><span class=\"ryNqvb\">2 Bebidas de Bienvenida a la Casa<\/span><\/span> <\/span><\/li><li><span class=\"HwtZe\" lang=\"es\"><span class=\"jCAhz ChMk0b\"><span class=\"ryNqvb\">2 agua embotellada el d\u00eda del check in<\/span><\/span> <\/span><\/li><li><span class=\"HwtZe\" lang=\"es\"><span class=\"jCAhz ChMk0b\"><span class=\"ryNqvb\">Uso del gimnasio<\/span><\/span> <\/span><\/li><li><span class=\"HwtZe\" lang=\"es\"><span class=\"jCAhz ChMk0b\"><span class=\"ryNqvb\">Puntos de recompensa Sonesta Travel Pass al unirse al programa.<\/span><\/span> <\/span><\/li><li><span class=\"HwtZe\" lang=\"es\"><span class=\"jCAhz ChMk0b\"><span class=\"ryNqvb\">Habitaciones totalmente equipadas con Aire Acondicionado individual, TV de Pantalla Plana, Cafetera, Caja de Seguridad, Secador de Pelo, Plancha y Tabla de Planchar y Nevera.<\/span><\/span><\/span><\/li><\/ul><p><strong>* Reservaciones para miembros se realizan exclusivamente por medio de Executive Resources Group.<\/strong><\/p><p>\u00a0<\/p><div class=\"elementor-button-wrapper\"><a class=\"elementor-button elementor-button-link elementor-size-lg\" href=\"\/royal-sonesta-at-san-juan\/\"><span class=\"elementor-button-text\">Ver Perfil<\/span> <\/a><\/div><\/div>\n\t\t\t\t<\/div>\n\t\t\t\t\t\t\t<div class=\"elementor-accordion-item\">\n\t\t\t\t\t<div id=\"elementor-tab-title-2552\" class=\"elementor-tab-title\" data-tab=\"2\" role=\"button\" aria-controls=\"elementor-tab-content-2552\" aria-expanded=\"false\">\n\t\t\t\t\t\t\t\t\t\t\t\t\t<span class=\"elementor-accordion-icon elementor-accordion-icon-left\" aria-hidden=\"true\">\n\t\t\t\t\t\t\t\t\t\t\t\t\t\t\t<span class=\"elementor-accordion-icon-closed\"><i class=\"fas fa-plus\"><\/i><\/span>\n\t\t\t\t\t\t\t\t<span class=\"elementor-accordion-icon-opened\"><i class=\"fas fa-minus\"><\/i><\/span>\n\t\t\t\t\t\t\t\t\t\t\t\t\t\t<\/span>\n\t\t\t\t\t\t\t\t\t\t\t\t<a class=\"elementor-accordion-title\" tabindex=\"0\">Royal Sonesta International<\/a>\n\t\t\t\t\t<\/div>\n\t\t\t\t\t<div id=\"elementor-tab-content-2552\" class=\"elementor-tab-content elementor-clearfix\" data-tab=\"2\" role=\"region\" aria-labelledby=\"elementor-tab-title-2552\"><h4>Beneficios:<\/h4><p><strong><span class=\"elementor-icon-list-text\">Tarifa preferencial para socios seg\u00fan disponibilidad.<\/span><\/strong><\/p><ul><li><span class=\"HwtZe\" lang=\"es\"><span class=\"jCAhz ChMk0b\"><span class=\"ryNqvb\">Desayuno Continental Diario por habitaci\u00f3n<\/span><\/span> <\/span><\/li><li><span class=\"HwtZe\" lang=\"es\"><span class=\"jCAhz ChMk0b\"><span class=\"ryNqvb\">2 Bebidas de Bienvenida a la Casa<\/span><\/span> <\/span><\/li><li><span class=\"HwtZe\" lang=\"es\"><span class=\"jCAhz ChMk0b\"><span class=\"ryNqvb\">2 agua embotellada el d\u00eda del check in<\/span><\/span> <\/span><\/li><li><span class=\"HwtZe\" lang=\"es\"><span class=\"jCAhz ChMk0b\"><span class=\"ryNqvb\">Uso del gimnasio<\/span><\/span> <\/span><\/li><li><span class=\"HwtZe\" lang=\"es\"><span class=\"jCAhz ChMk0b\"><span class=\"ryNqvb\">Puntos de recompensa Sonesta Travel Pass al unirse al programa.<\/span><\/span> <\/span><\/li><li><span class=\"HwtZe\" lang=\"es\"><span class=\"jCAhz ChMk0b\"><span class=\"ryNqvb\">Habitaciones totalmente equipadas con Aire Acondicionado individual, TV de Pantalla Plana, Cafetera, Caja de Seguridad, Secador de Pelo, Plancha y Tabla de Planchar y Nevera.<\/span><\/span><\/span><\/li><\/ul><p><strong>* Reservaciones para miembros se realizan exclusivamente por medio de Executive Resources Group.<\/strong><\/p><p>\u00a0<\/p><div class=\"elementor-button-wrapper\"><a class=\"elementor-button elementor-button-link elementor-size-lg\" href=\"https:\/\/www.sonesta.com\/\" target=\"_blank\" rel=\"noopener\"><span class=\"elementor-button-text\">Ver Perfil<\/span> <\/a><\/div><\/div>\n\t\t\t\t<\/div>\n\t\t\t\t\t\t\t\t<\/div>\n\t\t\t\t<\/div>\n\t\t\t\t<\/div>\n\t\t\t\t\t<\/div>\n\t\t<\/div>\n\t\t\t\t<div class=\"jvfrm-parallax-section elementor-column elementor-col-33 elementor-top-column elementor-element elementor-element-ee5fc4a\" data-id=\"ee5fc4a\" data-element_type=\"column\">\n\t\t\t<div class=\"elementor-widget-wrap\">\n\t\t\t\t\t\t\t<\/div>\n\t\t<\/div>\n\t\t\t\t\t<\/div>\n\t\t<\/section>\n\t\t\t\t<section class=\"elementor-section elementor-top-section elementor-element elementor-element-50d2243 elementor-section-boxed elementor-section-height-default elementor-section-height-default\" data-id=\"50d2243\" data-element_type=\"section\">\n\t\t\t\t\t\t<div class=\"elementor-container elementor-column-gap-default\">\n\t\t\t\t\t<div class=\"jvfrm-parallax-section elementor-column elementor-col-50 elementor-top-column elementor-element elementor-element-f429ae8\" data-id=\"f429ae8\" data-element_type=\"column\">\n\t\t\t<div class=\"elementor-widget-wrap elementor-element-populated\">\n\t\t\t\t\t\t<div class=\"elementor-element elementor-element-bf95ffa elementor-widget elementor-widget-jvbpd-button\" data-id=\"bf95ffa\" data-element_type=\"widget\" data-widget_type=\"jvbpd-button.default\">\n\t\t\t\t<div class=\"elementor-widget-container\">\n\t\t\t\t\t<div class=\"jvbpd-button__container\">\r\n\t\t\t<a class=\"jvbpd-advanced-button jvbpd-advanced-button--icon-left hover-effect-0\" href=\"\/membresias-v2\/\" target=\"_self\" rel=\"\" >\r\n\t\t\t\t<div class=\"jvbpd-button_wapper jvbpd-button_wrapper-normal\"><\/div>\r\n\t\t\t\t<div class=\"jvbpd-button_wapper jvbpd-button_wrapper-hover\"><\/div>\r\n\t\t\t\t<div class=\"jvbpd-button_inner jvbpd-button_inner-normal\">\r\n\t\t\t\t\t<span class=\"jvbpd-button_txt\">Volver a p\u00e1gina de membres\u00edas<\/span>\t\t\t\t<\/div>\r\n\t\t\t\t<div class=\"jvbpd-button_inner jvbpd-button_inner-hover\">\r\n\t\t\t\t\t<span class=\"jvbpd-button_icon\"><i class=\"fa fa-angle-left\"><\/i><\/span><span class=\"jvbpd-button_txt\">Volver a p\u00e1gina de membres\u00edas<\/span>\t\t\t\t<\/div>\r\n\t\t\t<\/a>\r\n\t\t<\/div>\r\n\t\t\t\t<\/div>\n\t\t\t\t<\/div>\n\t\t\t\t\t<\/div>\n\t\t<\/div>\n\t\t\t\t<div class=\"jvfrm-parallax-section elementor-column elementor-col-50 elementor-top-column elementor-element elementor-element-d1375dc\" data-id=\"d1375dc\" data-element_type=\"column\">\n\t\t\t<div class=\"elementor-widget-wrap elementor-element-populated\">\n\t\t\t\t\t\t<div class=\"elementor-element elementor-element-c0da7a6 elementor-widget elementor-widget-jvbpd-button\" data-id=\"c0da7a6\" data-element_type=\"widget\" data-widget_type=\"jvbpd-button.default\">\n\t\t\t\t<div class=\"elementor-widget-container\">\n\t\t\t\t\t<div class=\"jvbpd-button__container\">\r\n\t\t\t<a class=\"jvbpd-advanced-button jvbpd-advanced-button--icon-left hover-effect-0\" href=\"https:\/\/ergpr.com\/niveles-de-membresia\/\" target=\"_self\" rel=\"\" >\r\n\t\t\t\t<div class=\"jvbpd-button_wapper jvbpd-button_wrapper-normal\"><\/div>\r\n\t\t\t\t<div class=\"jvbpd-button_wapper jvbpd-button_wrapper-hover\"><\/div>\r\n\t\t\t\t<div class=\"jvbpd-button_inner jvbpd-button_inner-normal\">\r\n\t\t\t\t\t<span class=\"jvbpd-button_txt\">Comprar membres\u00eda<\/span>\t\t\t\t<\/div>\r\n\t\t\t\t<div class=\"jvbpd-button_inner jvbpd-button_inner-hover\">\r\n\t\t\t\t\t<span class=\"jvbpd-button_txt\">Comprar membres\u00eda<\/span>\t\t\t\t<\/div>\r\n\t\t\t<\/a>\r\n\t\t<\/div>\r\n\t\t\t\t<\/div>\n\t\t\t\t<\/div>\n\t\t\t\t\t<\/div>\n\t\t<\/div>\n\t\t\t\t\t<\/div>\n\t\t<\/section>\n\t\t\t\t<\/div>\n\t\t","protected":false},"excerpt":{"rendered":"<p>Royals at Sonesta International Membres\u00eda Hoteles Royal Sonesta at San Juan Beneficios: Tarifa preferencial para socios seg\u00fan disponibilidad. Desayuno Continental Diario por habitaci\u00f3n 2 Bebidas de Bienvenida a la Casa 2 agua embotellada el d\u00eda del check in Uso del gimnasio Puntos de recompensa Sonesta Travel Pass al unirse al programa. Habitaciones totalmente equipadas con [&hellip;]<\/p>\n","protected":false},"author":220,"featured_media":0,"parent":0,"menu_order":0,"comment_status":"closed","ping_status":"closed","template":"","meta":{"_acf_changed":false,"pmpro_default_level":0,"footnotes":""},"class_list":["post-9993","page","type-page","status-publish","hentry","pmpro-has-access"],"acf":[],"aioseo_notices":[],"_links":{"self":[{"href":"https:\/\/ergpr.com\/en\/wp-json\/wp\/v2\/pages\/9993","targetHints":{"allow":["GET"]}}],"collection":[{"href":"https:\/\/ergpr.com\/en\/wp-json\/wp\/v2\/pages"}],"about":[{"href":"https:\/\/ergpr.com\/en\/wp-json\/wp\/v2\/types\/page"}],"author":[{"embeddable":true,"href":"https:\/\/ergpr.com\/en\/wp-json\/wp\/v2\/users\/220"}],"replies":[{"embeddable":true,"href":"https:\/\/ergpr.com\/en\/wp-json\/wp\/v2\/comments?post=9993"}],"version-history":[{"count":35,"href":"https:\/\/ergpr.com\/en\/wp-json\/wp\/v2\/pages\/9993\/revisions"}],"predecessor-version":[{"id":11031,"href":"https:\/\/ergpr.com\/en\/wp-json\/wp\/v2\/pages\/9993\/revisions\/11031"}],"wp:attachment":[{"href":"https:\/\/ergpr.com\/en\/wp-json\/wp\/v2\/media?parent=9993"}],"curies":[{"name":"wp","href":"https:\/\/api.w.org\/{rel}","templated":true}]}}