{"id":11302,"date":"2024-08-09T16:56:13","date_gmt":"2024-08-09T20:56:13","guid":{"rendered":"https:\/\/ergpr.com\/?page_id=11302"},"modified":"2025-10-22T17:46:28","modified_gmt":"2025-10-22T21:46:28","slug":"membresia-executive-essence-by-choice","status":"publish","type":"page","link":"https:\/\/ergpr.com\/es\/membresia-executive-essence-by-choice\/","title":{"rendered":"Membres\u00eda Executive Essence by Choice"},"content":{"rendered":"\t\t<div data-elementor-type=\"wp-page\" data-elementor-id=\"11302\" class=\"elementor elementor-11302\">\n\t\t\t\t\t\t<section class=\"elementor-section elementor-top-section elementor-element elementor-element-d4c73aa elementor-section-boxed elementor-section-height-default elementor-section-height-default\" data-id=\"d4c73aa\" data-element_type=\"section\">\n\t\t\t\t\t\t<div class=\"elementor-container elementor-column-gap-default\">\n\t\t\t\t\t<div class=\"jvfrm-parallax-section elementor-column elementor-col-100 elementor-top-column elementor-element elementor-element-3b4c8fc\" data-id=\"3b4c8fc\" data-element_type=\"column\">\n\t\t\t<div class=\"elementor-widget-wrap elementor-element-populated\">\n\t\t\t\t\t\t<div class=\"elementor-element elementor-element-e99f066 elementor-widget elementor-widget-jv-heading\" data-id=\"e99f066\" data-element_type=\"widget\" data-widget_type=\"jv-heading.default\">\n\t\t\t\t<div class=\"elementor-widget-container\">\n\t\t\t<div class=\"heading-wapper style1\">\r\n    <h3 class=\"heading-header jv-heading-style1\">\r\n\t\t                        \r\n                <span class=\"jv-heading-text\" >Executive Essence by Choice<\/span>\r\n\r\n                            <span class=\"jv-heading-style7-strip bottom\"><\/span>\r\n                \r\n\t\t    <\/h3>\r\n<\/div>\r\n<span class='des-heading-text'>Programa Ejecutivo<\/span>\r\n\r\n    \t\t<\/div>\n\t\t\t\t<\/div>\n\t\t\t\t\t<\/div>\n\t\t<\/div>\n\t\t\t\t\t<\/div>\n\t\t<\/section>\n\t\t\t\t<section class=\"elementor-section elementor-top-section elementor-element elementor-element-0ac7457 elementor-section-boxed elementor-section-height-default elementor-section-height-default\" data-id=\"0ac7457\" data-element_type=\"section\">\n\t\t\t\t\t\t<div class=\"elementor-container elementor-column-gap-default\">\n\t\t\t\t\t<div class=\"jvfrm-parallax-section elementor-column elementor-col-100 elementor-top-column elementor-element elementor-element-77c989c\" data-id=\"77c989c\" data-element_type=\"column\">\n\t\t\t<div class=\"elementor-widget-wrap elementor-element-populated\">\n\t\t\t\t\t\t<div class=\"elementor-element elementor-element-2847fd1 elementor-widget elementor-widget-image\" data-id=\"2847fd1\" data-element_type=\"widget\" data-widget_type=\"image.default\">\n\t\t\t\t<div class=\"elementor-widget-container\">\n\t\t\t<style>\/*! elementor - v3.22.0 - 26-06-2024 *\/\n.elementor-widget-image{text-align:center}.elementor-widget-image a{display:inline-block}.elementor-widget-image a img[src$=\".svg\"]{width:48px}.elementor-widget-image img{vertical-align:middle;display:inline-block}<\/style>\t\t\t\t\t\t\t\t\t\t<img fetchpriority=\"high\" decoding=\"async\" width=\"300\" height=\"225\" src=\"https:\/\/ergpr.com\/wp-content\/uploads\/2024\/07\/choice-hotels-logo-300x225.webp\" class=\"attachment-medium size-medium wp-image-10947\" alt=\"\" srcset=\"https:\/\/ergpr.com\/wp-content\/uploads\/2024\/07\/choice-hotels-logo-300x225.webp 300w, https:\/\/ergpr.com\/wp-content\/uploads\/2024\/07\/choice-hotels-logo-768x576.webp 768w, https:\/\/ergpr.com\/wp-content\/uploads\/2024\/07\/choice-hotels-logo-16x12.webp 16w, https:\/\/ergpr.com\/wp-content\/uploads\/2024\/07\/choice-hotels-logo.webp 866w\" sizes=\"(max-width: 300px) 100vw, 300px\" \/>\t\t\t\t\t\t\t\t\t\t\t\t\t<\/div>\n\t\t\t\t<\/div>\n\t\t\t\t\t<\/div>\n\t\t<\/div>\n\t\t\t\t\t<\/div>\n\t\t<\/section>\n\t\t\t\t<section class=\"elementor-section elementor-top-section elementor-element elementor-element-a0081d5 elementor-section-boxed elementor-section-height-default elementor-section-height-default\" data-id=\"a0081d5\" data-element_type=\"section\" data-settings=\"{&quot;background_background&quot;:&quot;video&quot;,&quot;background_video_link&quot;:&quot;https:\\\/\\\/www.youtube.com\\\/watch?v=o-f1-6JC0wM&quot;}\">\n\t\t\t\t\t\t\t\t<div class=\"elementor-background-video-container elementor-hidden-phone\">\n\t\t\t\t\t\t\t\t\t\t\t\t\t<div class=\"elementor-background-video-embed\"><\/div>\n\t\t\t\t\t\t\t\t\t\t\t\t<\/div>\n\t\t\t\t\t\t\t\t\t<div class=\"elementor-background-overlay\"><\/div>\n\t\t\t\t\t\t\t<div class=\"elementor-container elementor-column-gap-default\">\n\t\t\t\t\t<div class=\"jvfrm-parallax-section elementor-column elementor-col-33 elementor-top-column elementor-element elementor-element-7bb03b5\" data-id=\"7bb03b5\" data-element_type=\"column\">\n\t\t\t<div class=\"elementor-widget-wrap\">\n\t\t\t\t\t\t\t<\/div>\n\t\t<\/div>\n\t\t\t\t<div class=\"jvfrm-parallax-section elementor-column elementor-col-33 elementor-top-column elementor-element elementor-element-139021c\" data-id=\"139021c\" data-element_type=\"column\">\n\t\t\t<div class=\"elementor-widget-wrap elementor-element-populated\">\n\t\t\t\t\t\t<div class=\"elementor-element elementor-element-b7c45df elementor-widget elementor-widget-heading\" data-id=\"b7c45df\" data-element_type=\"widget\" data-widget_type=\"heading.default\">\n\t\t\t\t<div class=\"elementor-widget-container\">\n\t\t\t<style>\/*! elementor - v3.22.0 - 26-06-2024 *\/\n.elementor-heading-title{padding:0;margin:0;line-height:1}.elementor-widget-heading .elementor-heading-title[class*=elementor-size-]>a{color:inherit;font-size:inherit;line-height:inherit}.elementor-widget-heading .elementor-heading-title.elementor-size-small{font-size:15px}.elementor-widget-heading .elementor-heading-title.elementor-size-medium{font-size:19px}.elementor-widget-heading .elementor-heading-title.elementor-size-large{font-size:29px}.elementor-widget-heading .elementor-heading-title.elementor-size-xl{font-size:39px}.elementor-widget-heading .elementor-heading-title.elementor-size-xxl{font-size:59px}<\/style><h2 class=\"elementor-heading-title elementor-size-default\">Hoteles<\/h2>\t\t<\/div>\n\t\t\t\t<\/div>\n\t\t\t\t<div class=\"elementor-element elementor-element-8eea7db elementor-widget elementor-widget-accordion\" data-id=\"8eea7db\" data-element_type=\"widget\" data-widget_type=\"accordion.default\">\n\t\t\t\t<div class=\"elementor-widget-container\">\n\t\t\t<style>\/*! elementor - v3.22.0 - 26-06-2024 *\/\n.elementor-accordion{text-align:start}.elementor-accordion .elementor-accordion-item{border:1px solid #d5d8dc}.elementor-accordion .elementor-accordion-item+.elementor-accordion-item{border-top:none}.elementor-accordion .elementor-tab-title{margin:0;padding:15px 20px;font-weight:700;line-height:1;cursor:pointer;outline:none}.elementor-accordion .elementor-tab-title .elementor-accordion-icon{display:inline-block;width:1.5em}.elementor-accordion .elementor-tab-title .elementor-accordion-icon svg{width:1em;height:1em}.elementor-accordion .elementor-tab-title .elementor-accordion-icon.elementor-accordion-icon-right{float:right;text-align:right}.elementor-accordion .elementor-tab-title .elementor-accordion-icon.elementor-accordion-icon-left{float:left;text-align:left}.elementor-accordion .elementor-tab-title .elementor-accordion-icon .elementor-accordion-icon-closed{display:block}.elementor-accordion .elementor-tab-title .elementor-accordion-icon .elementor-accordion-icon-opened,.elementor-accordion .elementor-tab-title.elementor-active .elementor-accordion-icon-closed{display:none}.elementor-accordion .elementor-tab-title.elementor-active .elementor-accordion-icon-opened{display:block}.elementor-accordion .elementor-tab-content{display:none;padding:15px 20px;border-top:1px solid #d5d8dc}@media (max-width:767px){.elementor-accordion .elementor-tab-title{padding:12px 15px}.elementor-accordion .elementor-tab-title .elementor-accordion-icon{width:1.2em}.elementor-accordion .elementor-tab-content{padding:7px 15px}}.e-con-inner>.elementor-widget-accordion,.e-con>.elementor-widget-accordion{width:var(--container-widget-width);--flex-grow:var(--container-widget-flex-grow)}<\/style>\t\t<div class=\"elementor-accordion\">\n\t\t\t\t\t\t\t<div class=\"elementor-accordion-item\">\n\t\t\t\t\t<div id=\"elementor-tab-title-1491\" class=\"elementor-tab-title\" data-tab=\"1\" role=\"button\" aria-controls=\"elementor-tab-content-1491\" aria-expanded=\"false\">\n\t\t\t\t\t\t\t\t\t\t\t\t\t<span class=\"elementor-accordion-icon elementor-accordion-icon-left\" aria-hidden=\"true\">\n\t\t\t\t\t\t\t\t\t\t\t\t\t\t\t<span class=\"elementor-accordion-icon-closed\"><i class=\"fas fa-plus\"><\/i><\/span>\n\t\t\t\t\t\t\t\t<span class=\"elementor-accordion-icon-opened\"><i class=\"fas fa-minus\"><\/i><\/span>\n\t\t\t\t\t\t\t\t\t\t\t\t\t\t<\/span>\n\t\t\t\t\t\t\t\t\t\t\t\t<a class=\"elementor-accordion-title\" tabindex=\"0\">Choice Hotels International<\/a>\n\t\t\t\t\t<\/div>\n\t\t\t\t\t<div id=\"elementor-tab-content-1491\" class=\"elementor-tab-content elementor-clearfix\" data-tab=\"1\" role=\"region\" aria-labelledby=\"elementor-tab-title-1491\"><h4>Beneficios:<\/h4><div class=\"elementor-element elementor-element-9e74513 elementor-widget elementor-widget-text-editor\" data-id=\"9e74513\" data-element_type=\"widget\" data-widget_type=\"text-editor.default\"><div class=\"elementor-widget-container\"><ul><li><p>Disfruta hasta 70% de descuento en estad\u00edas a nivel mundial (seg\u00fan\u00a0la temporada).<\/p><\/li><li><p>Todos los desayunos incluidos durante su estancia.<\/p><\/li><li><p>Extraordinarios valores a\u00f1adidos incluidos, tales como estacionamiento, \u00abshuttle services\u00bb, descuentos extras en algunos servicios, entre muchos otros (Aplicabilidad variada seg\u00fan la temporada, regi\u00f3n, etc.).<\/p><\/li><li><p>Servicio de reserva personalizado para que t\u00fa estad\u00eda est\u00e9 dise\u00f1ada exactamente a tu predilecci\u00f3n.<\/p><\/li><li>Programa transferible hasta para 15 personas ($499)<\/li><li>Programa transferible hasta para 35 personas ($799)<\/li><li>Programa transferible desde 36 personas en adelante ($1199)<\/li><\/ul><p><strong>Para ajustar el programa adecuado a su negocio favor de comunicarse con nosotros antes de realizar cualquier pago.<\/strong><\/p><p><strong>Asociados a las mejores plataformas Internacionales de turismo, aseguramos que cada estancia sea una experiencia inolvidable en los destinos m\u00e1s deslumbrantes del mundo, a precios accesibles.<\/strong><\/p><\/div><\/div><div class=\"elementor-button-wrapper\"><a class=\"elementor-button elementor-button-link elementor-size-lg\" href=\"https:\/\/www.choicehotels.com\/explore\" target=\"_blank\" rel=\"noopener\"><span class=\"elementor-button-text\">Ver Perfil<\/span> <\/a><\/div><\/div>\n\t\t\t\t<\/div>\n\t\t\t\t\t\t\t\t<\/div>\n\t\t\t\t<\/div>\n\t\t\t\t<\/div>\n\t\t\t\t\t<\/div>\n\t\t<\/div>\n\t\t\t\t<div class=\"jvfrm-parallax-section elementor-column elementor-col-33 elementor-top-column elementor-element elementor-element-7683bb3\" data-id=\"7683bb3\" data-element_type=\"column\">\n\t\t\t<div class=\"elementor-widget-wrap\">\n\t\t\t\t\t\t\t<\/div>\n\t\t<\/div>\n\t\t\t\t\t<\/div>\n\t\t<\/section>\n\t\t\t\t<section class=\"elementor-section elementor-top-section elementor-element elementor-element-50d2243 elementor-section-boxed elementor-section-height-default elementor-section-height-default\" data-id=\"50d2243\" data-element_type=\"section\">\n\t\t\t\t\t\t<div class=\"elementor-container elementor-column-gap-default\">\n\t\t\t\t\t<div class=\"jvfrm-parallax-section elementor-column elementor-col-50 elementor-top-column elementor-element elementor-element-f429ae8\" data-id=\"f429ae8\" data-element_type=\"column\">\n\t\t\t<div class=\"elementor-widget-wrap elementor-element-populated\">\n\t\t\t\t\t\t<div class=\"elementor-element elementor-element-bf95ffa elementor-widget elementor-widget-jvbpd-button\" data-id=\"bf95ffa\" data-element_type=\"widget\" data-widget_type=\"jvbpd-button.default\">\n\t\t\t\t<div class=\"elementor-widget-container\">\n\t\t\t\t\t<div class=\"jvbpd-button__container\">\r\n\t\t\t<a class=\"jvbpd-advanced-button jvbpd-advanced-button--icon-left hover-effect-0\" href=\"https:\/\/ergpr.com\/programas-ejecutivos\/\" target=\"_self\" rel=\"\" >\r\n\t\t\t\t<div class=\"jvbpd-button_wapper jvbpd-button_wrapper-normal\"><\/div>\r\n\t\t\t\t<div class=\"jvbpd-button_wapper jvbpd-button_wrapper-hover\"><\/div>\r\n\t\t\t\t<div class=\"jvbpd-button_inner jvbpd-button_inner-normal\">\r\n\t\t\t\t\t<span class=\"jvbpd-button_txt\">Volver a p\u00e1gina de membres\u00edas<\/span>\t\t\t\t<\/div>\r\n\t\t\t\t<div class=\"jvbpd-button_inner jvbpd-button_inner-hover\">\r\n\t\t\t\t\t<span class=\"jvbpd-button_icon\"><i class=\"fa fa-angle-left\"><\/i><\/span><span class=\"jvbpd-button_txt\">Volver a p\u00e1gina de membres\u00edas<\/span>\t\t\t\t<\/div>\r\n\t\t\t<\/a>\r\n\t\t<\/div>\r\n\t\t\t\t<\/div>\n\t\t\t\t<\/div>\n\t\t\t\t\t<\/div>\n\t\t<\/div>\n\t\t\t\t<div class=\"jvfrm-parallax-section elementor-column elementor-col-50 elementor-top-column elementor-element elementor-element-d1375dc\" data-id=\"d1375dc\" data-element_type=\"column\">\n\t\t\t<div class=\"elementor-widget-wrap elementor-element-populated\">\n\t\t\t\t\t\t<div class=\"elementor-element elementor-element-c0da7a6 elementor-widget elementor-widget-jvbpd-button\" data-id=\"c0da7a6\" data-element_type=\"widget\" data-widget_type=\"jvbpd-button.default\">\n\t\t\t\t<div class=\"elementor-widget-container\">\n\t\t\t\t\t<div class=\"jvbpd-button__container\">\r\n\t\t\t<a class=\"jvbpd-advanced-button jvbpd-advanced-button--icon-left hover-effect-0\" href=\"https:\/\/ergpr.com\/es\/niveles-de-membresia\/\" target=\"_self\" rel=\"\" >\r\n\t\t\t\t<div class=\"jvbpd-button_wapper jvbpd-button_wrapper-normal\"><\/div>\r\n\t\t\t\t<div class=\"jvbpd-button_wapper jvbpd-button_wrapper-hover\"><\/div>\r\n\t\t\t\t<div class=\"jvbpd-button_inner jvbpd-button_inner-normal\">\r\n\t\t\t\t\t<span class=\"jvbpd-button_txt\">Comprar membres\u00eda<\/span>\t\t\t\t<\/div>\r\n\t\t\t\t<div class=\"jvbpd-button_inner jvbpd-button_inner-hover\">\r\n\t\t\t\t\t<span class=\"jvbpd-button_txt\">Comprar membres\u00eda<\/span>\t\t\t\t<\/div>\r\n\t\t\t<\/a>\r\n\t\t<\/div>\r\n\t\t\t\t<\/div>\n\t\t\t\t<\/div>\n\t\t\t\t\t<\/div>\n\t\t<\/div>\n\t\t\t\t\t<\/div>\n\t\t<\/section>\n\t\t\t\t<\/div>\n\t\t","protected":false},"excerpt":{"rendered":"<p>Executive Essence by Choice Programa Ejecutivo Hoteles Choice Hotels International Beneficios: Disfruta hasta 70% de descuento en estad\u00edas a nivel mundial (seg\u00fan\u00a0la temporada). Todos los desayunos incluidos durante su estancia. Extraordinarios valores a\u00f1adidos incluidos, tales como estacionamiento, \u00abshuttle services\u00bb, descuentos extras en algunos servicios, entre muchos otros (Aplicabilidad variada seg\u00fan la temporada, regi\u00f3n, etc.). Servicio [&hellip;]<\/p>\n","protected":false},"author":220,"featured_media":0,"parent":0,"menu_order":0,"comment_status":"closed","ping_status":"closed","template":"","meta":{"_acf_changed":false,"pmpro_default_level":0,"footnotes":""},"class_list":["post-11302","page","type-page","status-publish","hentry","pmpro-has-access"],"acf":[],"aioseo_notices":[],"_links":{"self":[{"href":"https:\/\/ergpr.com\/es\/wp-json\/wp\/v2\/pages\/11302","targetHints":{"allow":["GET"]}}],"collection":[{"href":"https:\/\/ergpr.com\/es\/wp-json\/wp\/v2\/pages"}],"about":[{"href":"https:\/\/ergpr.com\/es\/wp-json\/wp\/v2\/types\/page"}],"author":[{"embeddable":true,"href":"https:\/\/ergpr.com\/es\/wp-json\/wp\/v2\/users\/220"}],"replies":[{"embeddable":true,"href":"https:\/\/ergpr.com\/es\/wp-json\/wp\/v2\/comments?post=11302"}],"version-history":[{"count":40,"href":"https:\/\/ergpr.com\/es\/wp-json\/wp\/v2\/pages\/11302\/revisions"}],"predecessor-version":[{"id":12157,"href":"https:\/\/ergpr.com\/es\/wp-json\/wp\/v2\/pages\/11302\/revisions\/12157"}],"wp:attachment":[{"href":"https:\/\/ergpr.com\/es\/wp-json\/wp\/v2\/media?parent=11302"}],"curies":[{"name":"wp","href":"https:\/\/api.w.org\/{rel}","templated":true}]}}