{"id":11608,"date":"2024-12-23T16:03:11","date_gmt":"2024-12-23T20:03:11","guid":{"rendered":"https:\/\/ergpr.com\/?page_id=11608"},"modified":"2024-12-23T16:10:42","modified_gmt":"2024-12-23T20:10:42","slug":"que-hacemos","status":"publish","type":"page","link":"https:\/\/ergpr.com\/es\/que-hacemos\/","title":{"rendered":"Que Hacemos"},"content":{"rendered":"\t\t<div data-elementor-type=\"wp-post\" data-elementor-id=\"11608\" class=\"elementor elementor-11608\">\n\t\t\t\t\t\t<section class=\"elementor-section elementor-top-section elementor-element elementor-element-d266424 elementor-section-height-min-height elementor-section-items-bottom elementor-section-boxed elementor-section-height-default\" data-id=\"d266424\" data-element_type=\"section\" data-settings=\"{&quot;background_background&quot;:&quot;classic&quot;}\">\n\t\t\t\t\t\t\t<div class=\"elementor-background-overlay\"><\/div>\n\t\t\t\t\t\t\t<div class=\"elementor-container elementor-column-gap-default\">\n\t\t\t\t\t<div class=\"jvfrm-parallax-section elementor-column elementor-col-100 elementor-top-column elementor-element elementor-element-53aeaa5\" data-id=\"53aeaa5\" data-element_type=\"column\">\n\t\t\t<div class=\"elementor-widget-wrap elementor-element-populated\">\n\t\t\t\t\t\t<div class=\"elementor-element elementor-element-0a18fcb elementor-widget elementor-widget-jv-heading\" data-id=\"0a18fcb\" data-element_type=\"widget\" data-widget_type=\"jv-heading.default\">\n\t\t\t\t<div class=\"elementor-widget-container\">\n\t\t\t<div class=\"heading-wapper style1\">\r\n    <div class=\"heading-header jv-heading-style1\">\r\n\t\t                        \r\n                <span class=\"jv-heading-text\" >\u00bfQu\u00e9 Hacemos?<\/span>\r\n\r\n                            <span class=\"jv-heading-style7-strip bottom\"><\/span>\r\n                \r\n\t\t    <\/div>\r\n<\/div>\r\n\r\n\r\n    \t\t<\/div>\n\t\t\t\t<\/div>\n\t\t\t\t\t<\/div>\n\t\t<\/div>\n\t\t\t\t\t<\/div>\n\t\t<\/section>\n\t\t\t\t<section class=\"elementor-section elementor-top-section elementor-element elementor-element-1b4e821 elementor-section-boxed elementor-section-height-default elementor-section-height-default\" data-id=\"1b4e821\" data-element_type=\"section\">\n\t\t\t\t\t\t<div class=\"elementor-container elementor-column-gap-default\">\n\t\t\t\t\t<div class=\"jvfrm-parallax-section elementor-column elementor-col-100 elementor-top-column elementor-element elementor-element-78fbd8d\" data-id=\"78fbd8d\" data-element_type=\"column\">\n\t\t\t<div class=\"elementor-widget-wrap elementor-element-populated\">\n\t\t\t\t\t\t<section class=\"elementor-section elementor-inner-section elementor-element elementor-element-402053f elementor-section-boxed elementor-section-height-default elementor-section-height-default\" data-id=\"402053f\" data-element_type=\"section\">\n\t\t\t\t\t\t<div class=\"elementor-container elementor-column-gap-default\">\n\t\t\t\t\t<div class=\"jvfrm-parallax-section elementor-column elementor-col-50 elementor-inner-column elementor-element elementor-element-af75acf\" data-id=\"af75acf\" data-element_type=\"column\">\n\t\t\t<div class=\"elementor-widget-wrap elementor-element-populated\">\n\t\t\t\t\t\t<div class=\"elementor-element elementor-element-46f9125 elementor-widget elementor-widget-image\" data-id=\"46f9125\" data-element_type=\"widget\" data-widget_type=\"image.default\">\n\t\t\t\t<div class=\"elementor-widget-container\">\n\t\t\t<style>\/*! elementor - v3.22.0 - 26-06-2024 *\/\n.elementor-widget-image{text-align:center}.elementor-widget-image a{display:inline-block}.elementor-widget-image a img[src$=\".svg\"]{width:48px}.elementor-widget-image img{vertical-align:middle;display:inline-block}<\/style>\t\t\t\t\t\t\t\t\t\t<img fetchpriority=\"high\" decoding=\"async\" width=\"500\" height=\"500\" src=\"https:\/\/ergpr.com\/wp-content\/uploads\/2024\/12\/3815747_10476.jpg\" class=\"attachment-large size-large wp-image-11610\" alt=\"\" srcset=\"https:\/\/ergpr.com\/wp-content\/uploads\/2024\/12\/3815747_10476.jpg 500w, https:\/\/ergpr.com\/wp-content\/uploads\/2024\/12\/3815747_10476-300x300.jpg 300w, https:\/\/ergpr.com\/wp-content\/uploads\/2024\/12\/3815747_10476-150x150.jpg 150w, https:\/\/ergpr.com\/wp-content\/uploads\/2024\/12\/3815747_10476-12x12.jpg 12w, https:\/\/ergpr.com\/wp-content\/uploads\/2024\/12\/3815747_10476-80x80.jpg 80w, https:\/\/ergpr.com\/wp-content\/uploads\/2024\/12\/3815747_10476-250x250.jpg 250w, https:\/\/ergpr.com\/wp-content\/uploads\/2024\/12\/3815747_10476-132x133.jpg 132w\" sizes=\"(max-width: 500px) 100vw, 500px\" \/>\t\t\t\t\t\t\t\t\t\t\t\t\t<\/div>\n\t\t\t\t<\/div>\n\t\t\t\t\t<\/div>\n\t\t<\/div>\n\t\t\t\t<div class=\"jvfrm-parallax-section elementor-column elementor-col-50 elementor-inner-column elementor-element elementor-element-4c35f31\" data-id=\"4c35f31\" data-element_type=\"column\">\n\t\t\t<div class=\"elementor-widget-wrap elementor-element-populated\">\n\t\t\t\t\t\t<div class=\"elementor-element elementor-element-a65aa55 elementor-widget elementor-widget-text-editor\" data-id=\"a65aa55\" data-element_type=\"widget\" data-widget_type=\"text-editor.default\">\n\t\t\t\t<div class=\"elementor-widget-container\">\n\t\t\t<style>\/*! elementor - v3.22.0 - 26-06-2024 *\/\n.elementor-widget-text-editor.elementor-drop-cap-view-stacked .elementor-drop-cap{background-color:#69727d;color:#fff}.elementor-widget-text-editor.elementor-drop-cap-view-framed .elementor-drop-cap{color:#69727d;border:3px solid;background-color:transparent}.elementor-widget-text-editor:not(.elementor-drop-cap-view-default) .elementor-drop-cap{margin-top:8px}.elementor-widget-text-editor:not(.elementor-drop-cap-view-default) .elementor-drop-cap-letter{width:1em;height:1em}.elementor-widget-text-editor .elementor-drop-cap{float:left;text-align:center;line-height:1;font-size:50px}.elementor-widget-text-editor .elementor-drop-cap-letter{display:inline-block}<\/style>\t\t\t\t<p>En Executive Resources Group Puerto Rico ofrecemos una exclusiva gama de Membres\u00edas de Lealtad y Certificados de Estad\u00edas dise\u00f1ados para maximizar tus beneficios como viajero. Nuestras Membres\u00edas anuales les permite disfrutar de descuentos especiales, acceso prioritario a reservas, y ofertas exclusivas en una variedad de productos y servicios para todas tus necesidades como viajero. Nuestros servicios permiten a nuestros clientes recuperar su inversi\u00f3n y ahorrar mucho dinero con cada estad\u00eda trabajada por nosotros.<\/p><p>En un mundo donde la informaci\u00f3n sobre viajes est\u00e1 disponible al alcance de la mano, planificar un viaje puede resultar abrumador. Entre las infinitas opciones de destinos, alojamientos y tours, es f\u00e1cil sentirse perdido en un mar de informaci\u00f3n. Por eso, en los \u00faltimos a\u00f1os ha surgido un nuevo tipo de profesional de viajes: El Curador de Viajes. Un curador de viajes es un profesional que utiliza su experiencia y conexiones para crear experiencias de viaje personalizadas para los clientes.<\/p>\t\t\t\t\t\t<\/div>\n\t\t\t\t<\/div>\n\t\t\t\t\t<\/div>\n\t\t<\/div>\n\t\t\t\t\t<\/div>\n\t\t<\/section>\n\t\t\t\t<section class=\"elementor-section elementor-inner-section elementor-element elementor-element-e380a41 elementor-reverse-mobile elementor-section-boxed elementor-section-height-default elementor-section-height-default\" data-id=\"e380a41\" data-element_type=\"section\">\n\t\t\t\t\t\t<div class=\"elementor-container elementor-column-gap-default\">\n\t\t\t\t\t<div class=\"jvfrm-parallax-section elementor-column elementor-col-50 elementor-inner-column elementor-element elementor-element-ca66c8a\" data-id=\"ca66c8a\" data-element_type=\"column\">\n\t\t\t<div class=\"elementor-widget-wrap elementor-element-populated\">\n\t\t\t\t\t\t<div class=\"elementor-element elementor-element-41cc9ec elementor-widget elementor-widget-text-editor\" data-id=\"41cc9ec\" data-element_type=\"widget\" data-widget_type=\"text-editor.default\">\n\t\t\t\t<div class=\"elementor-widget-container\">\n\t\t\t\t\t\t\t<p>A diferencia de los agentes de viajes tradicionales que en su mayor\u00eda reservan tours y hoteles \u00abpreempaquetados\u00bb, los curadores de viajes trabajar\u00e1n con usted para elaborar un itinerario personalizado, basado en sus preferencias e intereses. B\u00e1sicamente, son su conserje de viajes y se encargan de todo, desde seleccionar alojamiento, planificar actividades e incluso hacer reservas en restaurantes. Otra ventaja de trabajar con un curador de viajes es el acceso que tiene a experiencias y ofertas exclusivas. Debido a que han establecido relaciones con hoteles, operadores tur\u00edsticos y otros proveedores de viajes, a menudo pueden obtener beneficios y descuentos que no est\u00e1n disponibles para el p\u00fablico en general.<\/p><p>Esto significa que puede disfrutar de una experiencia de viaje m\u00e1s lujosa y \u00fanica, sin tener que gastar mucho dinero. Por \u00faltimo, trabajar con un curador de viajes puede ahorrarle tiempo y energ\u00eda. En lugar de pasar innumerables horas investigando destinos, vuelos y actividades, puede confiar en su curador de viajes para que haga el trabajo por usted. Esto le permitir\u00e1 tener tiempo libre para concentrarse en otros aspectos de su viaje, como empacar y entusiasmarse con su pr\u00f3xima aventura.<\/p>\t\t\t\t\t\t<\/div>\n\t\t\t\t<\/div>\n\t\t\t\t\t<\/div>\n\t\t<\/div>\n\t\t\t\t<div class=\"jvfrm-parallax-section elementor-column elementor-col-50 elementor-inner-column elementor-element elementor-element-bd108e6\" data-id=\"bd108e6\" data-element_type=\"column\">\n\t\t\t<div class=\"elementor-widget-wrap elementor-element-populated\">\n\t\t\t\t\t\t<div class=\"elementor-element elementor-element-dd15a19 elementor-widget elementor-widget-image\" data-id=\"dd15a19\" data-element_type=\"widget\" data-widget_type=\"image.default\">\n\t\t\t\t<div class=\"elementor-widget-container\">\n\t\t\t\t\t\t\t\t\t\t\t\t\t<img decoding=\"async\" width=\"500\" height=\"500\" src=\"https:\/\/ergpr.com\/wp-content\/uploads\/2024\/12\/top-view-travel-elements-collection_23-2148691134.jpg\" class=\"attachment-large size-large wp-image-11611\" alt=\"\" srcset=\"https:\/\/ergpr.com\/wp-content\/uploads\/2024\/12\/top-view-travel-elements-collection_23-2148691134.jpg 500w, https:\/\/ergpr.com\/wp-content\/uploads\/2024\/12\/top-view-travel-elements-collection_23-2148691134-300x300.jpg 300w, https:\/\/ergpr.com\/wp-content\/uploads\/2024\/12\/top-view-travel-elements-collection_23-2148691134-150x150.jpg 150w, https:\/\/ergpr.com\/wp-content\/uploads\/2024\/12\/top-view-travel-elements-collection_23-2148691134-12x12.jpg 12w, https:\/\/ergpr.com\/wp-content\/uploads\/2024\/12\/top-view-travel-elements-collection_23-2148691134-80x80.jpg 80w, https:\/\/ergpr.com\/wp-content\/uploads\/2024\/12\/top-view-travel-elements-collection_23-2148691134-250x250.jpg 250w, https:\/\/ergpr.com\/wp-content\/uploads\/2024\/12\/top-view-travel-elements-collection_23-2148691134-132x133.jpg 132w\" sizes=\"(max-width: 500px) 100vw, 500px\" \/>\t\t\t\t\t\t\t\t\t\t\t\t\t<\/div>\n\t\t\t\t<\/div>\n\t\t\t\t\t<\/div>\n\t\t<\/div>\n\t\t\t\t\t<\/div>\n\t\t<\/section>\n\t\t\t\t\t<\/div>\n\t\t<\/div>\n\t\t\t\t\t<\/div>\n\t\t<\/section>\n\t\t\t\t<section class=\"elementor-section elementor-top-section elementor-element elementor-element-3eb8820 elementor-section-content-middle elementor-section-boxed elementor-section-height-default elementor-section-height-default\" data-id=\"3eb8820\" data-element_type=\"section\" data-settings=\"{&quot;background_background&quot;:&quot;classic&quot;}\">\n\t\t\t\t\t\t<div class=\"elementor-container elementor-column-gap-default\">\n\t\t\t\t\t<div class=\"jvfrm-parallax-section elementor-column elementor-col-100 elementor-top-column elementor-element elementor-element-56b1406\" data-id=\"56b1406\" data-element_type=\"column\">\n\t\t\t<div class=\"elementor-widget-wrap elementor-element-populated\">\n\t\t\t\t\t\t<div class=\"elementor-element elementor-element-275cd3b elementor-widget elementor-widget-heading\" data-id=\"275cd3b\" data-element_type=\"widget\" data-widget_type=\"heading.default\">\n\t\t\t\t<div class=\"elementor-widget-container\">\n\t\t\t<style>\/*! elementor - v3.22.0 - 26-06-2024 *\/\n.elementor-heading-title{padding:0;margin:0;line-height:1}.elementor-widget-heading .elementor-heading-title[class*=elementor-size-]>a{color:inherit;font-size:inherit;line-height:inherit}.elementor-widget-heading .elementor-heading-title.elementor-size-small{font-size:15px}.elementor-widget-heading .elementor-heading-title.elementor-size-medium{font-size:19px}.elementor-widget-heading .elementor-heading-title.elementor-size-large{font-size:29px}.elementor-widget-heading .elementor-heading-title.elementor-size-xl{font-size:39px}.elementor-widget-heading .elementor-heading-title.elementor-size-xxl{font-size:59px}<\/style><h2 class=\"elementor-heading-title elementor-size-default\">\u00bfNecesita aclarar dudas?<\/h2>\t\t<\/div>\n\t\t\t\t<\/div>\n\t\t\t\t<div class=\"elementor-element elementor-element-cfc5935 elementor-align-center animated-slow elementor-tablet-align-center elementor-mobile-align-center elementor-invisible elementor-widget elementor-widget-button\" data-id=\"cfc5935\" data-element_type=\"widget\" data-settings=\"{&quot;_animation&quot;:&quot;fadeInUp&quot;}\" data-widget_type=\"button.default\">\n\t\t\t\t<div class=\"elementor-widget-container\">\n\t\t\t\t\t<div class=\"elementor-button-wrapper\">\n\t\t\t<a class=\"elementor-button elementor-button-link elementor-size-sm\" href=\"https:\/\/ergpr.com\/contact\/\">\n\t\t\t\t\t\t<span class=\"elementor-button-content-wrapper\">\n\t\t\t\t\t\t\t\t\t<span class=\"elementor-button-text\">Cont\u00e1ctenos<\/span>\n\t\t\t\t\t<\/span>\n\t\t\t\t\t<\/a>\n\t\t<\/div>\n\t\t\t\t<\/div>\n\t\t\t\t<\/div>\n\t\t\t\t\t<\/div>\n\t\t<\/div>\n\t\t\t\t\t<\/div>\n\t\t<\/section>\n\t\t\t\t<\/div>\n\t\t","protected":false},"excerpt":{"rendered":"<p>\u00bfQu\u00e9 Hacemos? En Executive Resources Group Puerto Rico ofrecemos una exclusiva gama de Membres\u00edas de Lealtad y Certificados de Estad\u00edas dise\u00f1ados para maximizar tus beneficios como viajero. Nuestras Membres\u00edas anuales les permite disfrutar de descuentos especiales, acceso prioritario a reservas, y ofertas exclusivas en una variedad de productos y servicios para todas tus necesidades como [&hellip;]<\/p>\n","protected":false},"author":220,"featured_media":0,"parent":0,"menu_order":0,"comment_status":"closed","ping_status":"closed","template":"elementor_header_footer","meta":{"_acf_changed":false,"pmpro_default_level":0,"footnotes":""},"class_list":["post-11608","page","type-page","status-publish","hentry","pmpro-has-access"],"acf":[],"aioseo_notices":[],"_links":{"self":[{"href":"https:\/\/ergpr.com\/es\/wp-json\/wp\/v2\/pages\/11608","targetHints":{"allow":["GET"]}}],"collection":[{"href":"https:\/\/ergpr.com\/es\/wp-json\/wp\/v2\/pages"}],"about":[{"href":"https:\/\/ergpr.com\/es\/wp-json\/wp\/v2\/types\/page"}],"author":[{"embeddable":true,"href":"https:\/\/ergpr.com\/es\/wp-json\/wp\/v2\/users\/220"}],"replies":[{"embeddable":true,"href":"https:\/\/ergpr.com\/es\/wp-json\/wp\/v2\/comments?post=11608"}],"version-history":[{"count":10,"href":"https:\/\/ergpr.com\/es\/wp-json\/wp\/v2\/pages\/11608\/revisions"}],"predecessor-version":[{"id":11621,"href":"https:\/\/ergpr.com\/es\/wp-json\/wp\/v2\/pages\/11608\/revisions\/11621"}],"wp:attachment":[{"href":"https:\/\/ergpr.com\/es\/wp-json\/wp\/v2\/media?parent=11608"}],"curies":[{"name":"wp","href":"https:\/\/api.w.org\/{rel}","templated":true}]}}