{"id":11719,"date":"2025-01-13T16:17:42","date_gmt":"2025-01-13T20:17:42","guid":{"rendered":"https:\/\/ergpr.com\/?page_id=11719"},"modified":"2025-10-22T17:31:41","modified_gmt":"2025-10-22T21:31:41","slug":"membresia-as-you-like-it-by-riu","status":"publish","type":"page","link":"https:\/\/ergpr.com\/es\/membresia-as-you-like-it-by-riu\/","title":{"rendered":"Membres\u00eda As you like it by RIU"},"content":{"rendered":"\t\t<div data-elementor-type=\"wp-page\" data-elementor-id=\"11719\" class=\"elementor elementor-11719\">\n\t\t\t\t\t\t<section class=\"elementor-section elementor-top-section elementor-element elementor-element-d4c73aa elementor-section-boxed elementor-section-height-default elementor-section-height-default\" data-id=\"d4c73aa\" data-element_type=\"section\">\n\t\t\t\t\t\t<div class=\"elementor-container elementor-column-gap-default\">\n\t\t\t\t\t<div class=\"jvfrm-parallax-section elementor-column elementor-col-100 elementor-top-column elementor-element elementor-element-3b4c8fc\" data-id=\"3b4c8fc\" data-element_type=\"column\">\n\t\t\t<div class=\"elementor-widget-wrap elementor-element-populated\">\n\t\t\t\t\t\t<div class=\"elementor-element elementor-element-e99f066 elementor-widget elementor-widget-jv-heading\" data-id=\"e99f066\" data-element_type=\"widget\" data-widget_type=\"jv-heading.default\">\n\t\t\t\t<div class=\"elementor-widget-container\">\n\t\t\t<div class=\"heading-wapper style1\">\r\n    <h3 class=\"heading-header jv-heading-style1\">\r\n\t\t                        \r\n                <span class=\"jv-heading-text\" > As you like it by RIU <\/span>\r\n\r\n                            <span class=\"jv-heading-style7-strip bottom\"><\/span>\r\n                \r\n\t\t    <\/h3>\r\n<\/div>\r\n<span class='des-heading-text'>Membres\u00eda Internacional<\/span>\r\n\r\n    \t\t<\/div>\n\t\t\t\t<\/div>\n\t\t\t\t\t<\/div>\n\t\t<\/div>\n\t\t\t\t\t<\/div>\n\t\t<\/section>\n\t\t\t\t<section class=\"elementor-section elementor-top-section elementor-element elementor-element-0ac7457 elementor-section-boxed elementor-section-height-default elementor-section-height-default\" data-id=\"0ac7457\" data-element_type=\"section\">\n\t\t\t\t\t\t<div class=\"elementor-container elementor-column-gap-default\">\n\t\t\t\t\t<div class=\"jvfrm-parallax-section elementor-column elementor-col-100 elementor-top-column elementor-element elementor-element-77c989c\" data-id=\"77c989c\" data-element_type=\"column\">\n\t\t\t<div class=\"elementor-widget-wrap elementor-element-populated\">\n\t\t\t\t\t\t<div class=\"elementor-element elementor-element-2847fd1 elementor-widget elementor-widget-image\" data-id=\"2847fd1\" data-element_type=\"widget\" data-widget_type=\"image.default\">\n\t\t\t\t<div class=\"elementor-widget-container\">\n\t\t\t<style>\/*! elementor - v3.22.0 - 26-06-2024 *\/\n.elementor-widget-image{text-align:center}.elementor-widget-image a{display:inline-block}.elementor-widget-image a img[src$=\".svg\"]{width:48px}.elementor-widget-image img{vertical-align:middle;display:inline-block}<\/style>\t\t\t\t\t\t\t\t\t\t\t<a href=\"https:\/\/ergpr.com\/as-you-like-it-by-riu\/\">\n\t\t\t\t\t\t\t<img fetchpriority=\"high\" decoding=\"async\" width=\"300\" height=\"300\" src=\"https:\/\/ergpr.com\/wp-content\/uploads\/2025\/01\/riu-logo-old.jpg\" class=\"attachment-medium size-medium wp-image-11708\" alt=\"\" srcset=\"https:\/\/ergpr.com\/wp-content\/uploads\/2025\/01\/riu-logo-old.jpg 300w, https:\/\/ergpr.com\/wp-content\/uploads\/2025\/01\/riu-logo-old-150x150.jpg 150w, https:\/\/ergpr.com\/wp-content\/uploads\/2025\/01\/riu-logo-old-12x12.jpg 12w, https:\/\/ergpr.com\/wp-content\/uploads\/2025\/01\/riu-logo-old-80x80.jpg 80w, https:\/\/ergpr.com\/wp-content\/uploads\/2025\/01\/riu-logo-old-250x250.jpg 250w, https:\/\/ergpr.com\/wp-content\/uploads\/2025\/01\/riu-logo-old-132x133.jpg 132w\" sizes=\"(max-width: 300px) 100vw, 300px\" \/>\t\t\t\t\t\t\t\t<\/a>\n\t\t\t\t\t\t\t\t\t\t\t\t\t<\/div>\n\t\t\t\t<\/div>\n\t\t\t\t\t<\/div>\n\t\t<\/div>\n\t\t\t\t\t<\/div>\n\t\t<\/section>\n\t\t\t\t<section class=\"elementor-section elementor-top-section elementor-element elementor-element-a0081d5 elementor-section-boxed elementor-section-height-default elementor-section-height-default\" data-id=\"a0081d5\" data-element_type=\"section\" data-settings=\"{&quot;background_background&quot;:&quot;video&quot;,&quot;background_video_link&quot;:&quot;https:\\\/\\\/ergpr.com\\\/wp-content\\\/uploads\\\/2025\\\/01\\\/Riu-Plaza-Miami-Beach-Miami-Beach-USA-RIU-Hotels-Resorts.mp4&quot;,&quot;background_play_on_mobile&quot;:&quot;yes&quot;}\">\n\t\t\t\t\t\t\t\t<div class=\"elementor-background-video-container\">\n\t\t\t\t\t\t\t\t\t\t\t\t\t<video class=\"elementor-background-video-hosted elementor-html5-video\" autoplay muted playsinline loop><\/video>\n\t\t\t\t\t\t\t\t\t\t\t<\/div>\n\t\t\t\t\t\t\t\t\t<div class=\"elementor-background-overlay\"><\/div>\n\t\t\t\t\t\t\t<div class=\"elementor-container elementor-column-gap-default\">\n\t\t\t\t\t<div class=\"jvfrm-parallax-section elementor-column elementor-col-33 elementor-top-column elementor-element elementor-element-7bb03b5\" data-id=\"7bb03b5\" data-element_type=\"column\">\n\t\t\t<div class=\"elementor-widget-wrap\">\n\t\t\t\t\t\t\t<\/div>\n\t\t<\/div>\n\t\t\t\t<div class=\"jvfrm-parallax-section elementor-column elementor-col-33 elementor-top-column elementor-element elementor-element-14fdd5d\" data-id=\"14fdd5d\" data-element_type=\"column\" data-settings=\"{&quot;background_background&quot;:&quot;classic&quot;}\">\n\t\t\t<div class=\"elementor-widget-wrap elementor-element-populated\">\n\t\t\t\t\t\t<div class=\"elementor-element elementor-element-803aa3b elementor-widget elementor-widget-jv-heading\" data-id=\"803aa3b\" data-element_type=\"widget\" data-widget_type=\"jv-heading.default\">\n\t\t\t\t<div class=\"elementor-widget-container\">\n\t\t\t<div class=\"heading-wapper style1\">\r\n    <h3 class=\"heading-header jv-heading-style1\">\r\n\t\t                        \r\n                <span class=\"jv-heading-text\" >Hotel<\/span>\r\n\r\n                            <span class=\"jv-heading-style7-strip bottom\"><\/span>\r\n                \r\n\t\t    <\/h3>\r\n<\/div>\r\n<span class='des-heading-text'>Beneficios<\/span>\r\n\r\n    \t\t<\/div>\n\t\t\t\t<\/div>\n\t\t\t\t<div class=\"elementor-element elementor-element-9e74513 elementor-widget elementor-widget-text-editor\" data-id=\"9e74513\" data-element_type=\"widget\" data-widget_type=\"text-editor.default\">\n\t\t\t\t<div class=\"elementor-widget-container\">\n\t\t\t<style>\/*! elementor - v3.22.0 - 26-06-2024 *\/\n.elementor-widget-text-editor.elementor-drop-cap-view-stacked .elementor-drop-cap{background-color:#69727d;color:#fff}.elementor-widget-text-editor.elementor-drop-cap-view-framed .elementor-drop-cap{color:#69727d;border:3px solid;background-color:transparent}.elementor-widget-text-editor:not(.elementor-drop-cap-view-default) .elementor-drop-cap{margin-top:8px}.elementor-widget-text-editor:not(.elementor-drop-cap-view-default) .elementor-drop-cap-letter{width:1em;height:1em}.elementor-widget-text-editor .elementor-drop-cap{float:left;text-align:center;line-height:1;font-size:50px}.elementor-widget-text-editor .elementor-drop-cap-letter{display:inline-block}<\/style>\t\t\t\t<ul><li><p>Disfruta hasta 70% de descuento en estad\u00edas a nivel mundial (seg\u00fan\u00a0la temporada).<\/p><\/li><li><p>Todos los desayunos incluidos durante su estancia.<\/p><\/li><li><p>Extraordinarios valores a\u00f1adidos incluidos, tales como estacionamiento, \u00abshuttle services\u00bb, descuentos extras en algunos servicios, entre muchos otros (Aplicabilidad variada seg\u00fan la temporada, regi\u00f3n, etc.).<\/p><\/li><li><p>Servicio de reserva personalizado para que t\u00fa estad\u00eda est\u00e9 dise\u00f1ada exactamente a tu predilecci\u00f3n.<\/p><\/li><\/ul><p><strong>Asociados a las mejores plataformas Internacionales de turismo, aseguramos que cada estancia sea una experiencia inolvidable en los destinos m\u00e1s deslumbrantes del mundo, a precios accesibles.<\/strong><\/p>\t\t\t\t\t\t<\/div>\n\t\t\t\t<\/div>\n\t\t\t\t<div class=\"elementor-element elementor-element-49b4554 elementor-widget elementor-widget-jvbpd-button\" data-id=\"49b4554\" data-element_type=\"widget\" data-widget_type=\"jvbpd-button.default\">\n\t\t\t\t<div class=\"elementor-widget-container\">\n\t\t\t\t\t<div class=\"jvbpd-button__container\">\r\n\t\t\t<a class=\"jvbpd-advanced-button jvbpd-advanced-button--icon-left hover-effect-0\" href=\"https:\/\/ergpr.com\/as-you-like-it-by-riu\/\" target=\"_self\" rel=\"\" >\r\n\t\t\t\t<div class=\"jvbpd-button_wapper jvbpd-button_wrapper-normal\"><\/div>\r\n\t\t\t\t<div class=\"jvbpd-button_wapper jvbpd-button_wrapper-hover\"><\/div>\r\n\t\t\t\t<div class=\"jvbpd-button_inner jvbpd-button_inner-normal\">\r\n\t\t\t\t\t<span class=\"jvbpd-button_txt\">Explorar Perfil<\/span>\t\t\t\t<\/div>\r\n\t\t\t\t<div class=\"jvbpd-button_inner jvbpd-button_inner-hover\">\r\n\t\t\t\t\t<span class=\"jvbpd-button_txt\">Explorar Perfil<\/span>\t\t\t\t<\/div>\r\n\t\t\t<\/a>\r\n\t\t<\/div>\r\n\t\t\t\t<\/div>\n\t\t\t\t<\/div>\n\t\t\t\t\t<\/div>\n\t\t<\/div>\n\t\t\t\t<div class=\"jvfrm-parallax-section elementor-column elementor-col-33 elementor-top-column elementor-element elementor-element-7683bb3\" data-id=\"7683bb3\" data-element_type=\"column\">\n\t\t\t<div class=\"elementor-widget-wrap\">\n\t\t\t\t\t\t\t<\/div>\n\t\t<\/div>\n\t\t\t\t\t<\/div>\n\t\t<\/section>\n\t\t\t\t<section class=\"elementor-section elementor-top-section elementor-element elementor-element-50d2243 elementor-section-boxed elementor-section-height-default elementor-section-height-default\" data-id=\"50d2243\" data-element_type=\"section\">\n\t\t\t\t\t\t<div class=\"elementor-container elementor-column-gap-default\">\n\t\t\t\t\t<div class=\"jvfrm-parallax-section elementor-column elementor-col-50 elementor-top-column elementor-element elementor-element-f429ae8\" data-id=\"f429ae8\" data-element_type=\"column\">\n\t\t\t<div class=\"elementor-widget-wrap elementor-element-populated\">\n\t\t\t\t\t\t<div class=\"elementor-element elementor-element-bf95ffa elementor-widget elementor-widget-jvbpd-button\" data-id=\"bf95ffa\" data-element_type=\"widget\" data-widget_type=\"jvbpd-button.default\">\n\t\t\t\t<div class=\"elementor-widget-container\">\n\t\t\t\t\t<div class=\"jvbpd-button__container\">\r\n\t\t\t<a class=\"jvbpd-advanced-button jvbpd-advanced-button--icon-left hover-effect-0\" href=\"\/membresias-internacionales\/\" target=\"_self\" rel=\"\" >\r\n\t\t\t\t<div class=\"jvbpd-button_wapper jvbpd-button_wrapper-normal\"><\/div>\r\n\t\t\t\t<div class=\"jvbpd-button_wapper jvbpd-button_wrapper-hover\"><\/div>\r\n\t\t\t\t<div class=\"jvbpd-button_inner jvbpd-button_inner-normal\">\r\n\t\t\t\t\t<span class=\"jvbpd-button_txt\">Volver a p\u00e1gina de membres\u00edas<\/span>\t\t\t\t<\/div>\r\n\t\t\t\t<div class=\"jvbpd-button_inner jvbpd-button_inner-hover\">\r\n\t\t\t\t\t<span class=\"jvbpd-button_icon\"><i class=\"fa fa-angle-left\"><\/i><\/span><span class=\"jvbpd-button_txt\">Volver a p\u00e1gina de membres\u00edas<\/span>\t\t\t\t<\/div>\r\n\t\t\t<\/a>\r\n\t\t<\/div>\r\n\t\t\t\t<\/div>\n\t\t\t\t<\/div>\n\t\t\t\t\t<\/div>\n\t\t<\/div>\n\t\t\t\t<div class=\"jvfrm-parallax-section elementor-column elementor-col-50 elementor-top-column elementor-element elementor-element-d1375dc\" data-id=\"d1375dc\" data-element_type=\"column\">\n\t\t\t<div class=\"elementor-widget-wrap elementor-element-populated\">\n\t\t\t\t\t\t<div class=\"elementor-element elementor-element-c0da7a6 elementor-widget elementor-widget-jvbpd-button\" data-id=\"c0da7a6\" data-element_type=\"widget\" data-widget_type=\"jvbpd-button.default\">\n\t\t\t\t<div class=\"elementor-widget-container\">\n\t\t\t\t\t<div class=\"jvbpd-button__container\">\r\n\t\t\t<a class=\"jvbpd-advanced-button jvbpd-advanced-button--icon-left hover-effect-0\" href=\"https:\/\/ergpr.com\/es\/niveles-de-membresia\/\" target=\"_self\" rel=\"\" >\r\n\t\t\t\t<div class=\"jvbpd-button_wapper jvbpd-button_wrapper-normal\"><\/div>\r\n\t\t\t\t<div class=\"jvbpd-button_wapper jvbpd-button_wrapper-hover\"><\/div>\r\n\t\t\t\t<div class=\"jvbpd-button_inner jvbpd-button_inner-normal\">\r\n\t\t\t\t\t<span class=\"jvbpd-button_txt\">Comprar membres\u00eda<\/span>\t\t\t\t<\/div>\r\n\t\t\t\t<div class=\"jvbpd-button_inner jvbpd-button_inner-hover\">\r\n\t\t\t\t\t<span class=\"jvbpd-button_txt\">Comprar membres\u00eda<\/span>\t\t\t\t<\/div>\r\n\t\t\t<\/a>\r\n\t\t<\/div>\r\n\t\t\t\t<\/div>\n\t\t\t\t<\/div>\n\t\t\t\t\t<\/div>\n\t\t<\/div>\n\t\t\t\t\t<\/div>\n\t\t<\/section>\n\t\t\t\t<\/div>\n\t\t","protected":false},"excerpt":{"rendered":"<p>As you like it by RIU Membres\u00eda Internacional Hotel Beneficios Disfruta hasta 70% de descuento en estad\u00edas a nivel mundial (seg\u00fan\u00a0la temporada). Todos los desayunos incluidos durante su estancia. Extraordinarios valores a\u00f1adidos incluidos, tales como estacionamiento, \u00abshuttle services\u00bb, descuentos extras en algunos servicios, entre muchos otros (Aplicabilidad variada seg\u00fan la temporada, regi\u00f3n, etc.). Servicio de [&hellip;]<\/p>\n","protected":false},"author":220,"featured_media":0,"parent":0,"menu_order":0,"comment_status":"closed","ping_status":"closed","template":"","meta":{"_acf_changed":false,"pmpro_default_level":0,"footnotes":""},"class_list":["post-11719","page","type-page","status-publish","hentry","pmpro-has-access"],"acf":[],"aioseo_notices":[],"_links":{"self":[{"href":"https:\/\/ergpr.com\/es\/wp-json\/wp\/v2\/pages\/11719","targetHints":{"allow":["GET"]}}],"collection":[{"href":"https:\/\/ergpr.com\/es\/wp-json\/wp\/v2\/pages"}],"about":[{"href":"https:\/\/ergpr.com\/es\/wp-json\/wp\/v2\/types\/page"}],"author":[{"embeddable":true,"href":"https:\/\/ergpr.com\/es\/wp-json\/wp\/v2\/users\/220"}],"replies":[{"embeddable":true,"href":"https:\/\/ergpr.com\/es\/wp-json\/wp\/v2\/comments?post=11719"}],"version-history":[{"count":16,"href":"https:\/\/ergpr.com\/es\/wp-json\/wp\/v2\/pages\/11719\/revisions"}],"predecessor-version":[{"id":12151,"href":"https:\/\/ergpr.com\/es\/wp-json\/wp\/v2\/pages\/11719\/revisions\/12151"}],"wp:attachment":[{"href":"https:\/\/ergpr.com\/es\/wp-json\/wp\/v2\/media?parent=11719"}],"curies":[{"name":"wp","href":"https:\/\/api.w.org\/{rel}","templated":true}]}}