{"id":6010,"date":"2023-09-22T15:58:07","date_gmt":"2023-09-22T19:58:07","guid":{"rendered":"https:\/\/ergpr.com\/?page_id=6010"},"modified":"2024-06-06T15:06:58","modified_gmt":"2024-06-06T19:06:58","slug":"membresia-internacional-deluxe","status":"publish","type":"page","link":"https:\/\/ergpr.com\/es\/membresia-internacional-deluxe\/","title":{"rendered":"Deluxe International"},"content":{"rendered":"\t\t<div data-elementor-type=\"wp-page\" data-elementor-id=\"6010\" class=\"elementor elementor-6010\">\n\t\t\t\t\t\t<section class=\"elementor-section elementor-top-section elementor-element elementor-element-d4c73aa elementor-section-boxed elementor-section-height-default elementor-section-height-default\" data-id=\"d4c73aa\" data-element_type=\"section\">\n\t\t\t\t\t\t<div class=\"elementor-container elementor-column-gap-default\">\n\t\t\t\t\t<div class=\"jvfrm-parallax-section elementor-column elementor-col-100 elementor-top-column elementor-element elementor-element-3b4c8fc\" data-id=\"3b4c8fc\" data-element_type=\"column\">\n\t\t\t<div class=\"elementor-widget-wrap elementor-element-populated\">\n\t\t\t\t\t\t<div class=\"elementor-element elementor-element-e99f066 elementor-widget elementor-widget-jv-heading\" data-id=\"e99f066\" data-element_type=\"widget\" data-widget_type=\"jv-heading.default\">\n\t\t\t\t<div class=\"elementor-widget-container\">\n\t\t\t<div class=\"heading-wapper style1\">\r\n    <h3 class=\"heading-header jv-heading-style1\">\r\n\t\t                        \r\n                <span class=\"jv-heading-text\" >Deluxe International<\/span>\r\n\r\n                            <span class=\"jv-heading-style7-strip bottom\"><\/span>\r\n                \r\n\t\t    <\/h3>\r\n<\/div>\r\n<span class='des-heading-text'>Membres\u00eda Internacional<\/span>\r\n\r\n    \t\t<\/div>\n\t\t\t\t<\/div>\n\t\t\t\t\t<\/div>\n\t\t<\/div>\n\t\t\t\t\t<\/div>\n\t\t<\/section>\n\t\t\t\t<section class=\"elementor-section elementor-top-section elementor-element elementor-element-0ac7457 elementor-section-boxed elementor-section-height-default elementor-section-height-default\" data-id=\"0ac7457\" data-element_type=\"section\">\n\t\t\t\t\t\t<div class=\"elementor-container elementor-column-gap-default\">\n\t\t\t\t\t<div class=\"jvfrm-parallax-section elementor-column elementor-col-100 elementor-top-column elementor-element elementor-element-77c989c\" data-id=\"77c989c\" data-element_type=\"column\">\n\t\t\t<div class=\"elementor-widget-wrap elementor-element-populated\">\n\t\t\t\t\t\t<div class=\"elementor-element elementor-element-2847fd1 elementor-hidden-desktop elementor-hidden-tablet elementor-hidden-mobile elementor-widget elementor-widget-image\" data-id=\"2847fd1\" data-element_type=\"widget\" data-widget_type=\"image.default\">\n\t\t\t\t<div class=\"elementor-widget-container\">\n\t\t\t<style>\/*! elementor - v3.22.0 - 26-06-2024 *\/\n.elementor-widget-image{text-align:center}.elementor-widget-image a{display:inline-block}.elementor-widget-image a img[src$=\".svg\"]{width:48px}.elementor-widget-image img{vertical-align:middle;display:inline-block}<\/style>\t\t\t\t\t\t\t\t\t\t<img decoding=\"async\" width=\"150\" height=\"150\" src=\"https:\/\/ergpr.com\/wp-content\/uploads\/2023\/09\/WhatsApp-Image-2023-09-21-at-12.49.38-PM-150x150.jpeg\" class=\"attachment-thumbnail size-thumbnail wp-image-5924\" alt=\"\" srcset=\"https:\/\/ergpr.com\/wp-content\/uploads\/2023\/09\/WhatsApp-Image-2023-09-21-at-12.49.38-PM-150x150.jpeg 150w, https:\/\/ergpr.com\/wp-content\/uploads\/2023\/09\/WhatsApp-Image-2023-09-21-at-12.49.38-PM-80x80.jpeg 80w, https:\/\/ergpr.com\/wp-content\/uploads\/2023\/09\/WhatsApp-Image-2023-09-21-at-12.49.38-PM-250x250.jpeg 250w, https:\/\/ergpr.com\/wp-content\/uploads\/2023\/09\/WhatsApp-Image-2023-09-21-at-12.49.38-PM-132x133.jpeg 132w, https:\/\/ergpr.com\/wp-content\/uploads\/2023\/09\/elementor\/thumbs\/WhatsApp-Image-2023-09-21-at-12.49.38-PM-qmyiha4sqbb2yq0lpauuogfos4vj01nyp3vtyj13g0.jpeg 120w\" sizes=\"(max-width: 150px) 100vw, 150px\" \/>\t\t\t\t\t\t\t\t\t\t\t\t\t<\/div>\n\t\t\t\t<\/div>\n\t\t\t\t\t<\/div>\n\t\t<\/div>\n\t\t\t\t\t<\/div>\n\t\t<\/section>\n\t\t\t\t<section class=\"elementor-section elementor-top-section elementor-element elementor-element-a0081d5 elementor-section-boxed elementor-section-height-default elementor-section-height-default\" data-id=\"a0081d5\" data-element_type=\"section\" data-settings=\"{&quot;background_background&quot;:&quot;classic&quot;}\">\n\t\t\t\t\t\t\t<div class=\"elementor-background-overlay\"><\/div>\n\t\t\t\t\t\t\t<div class=\"elementor-container elementor-column-gap-default\">\n\t\t\t\t\t<div class=\"jvfrm-parallax-section elementor-column elementor-col-33 elementor-top-column elementor-element elementor-element-18be731\" data-id=\"18be731\" data-element_type=\"column\">\n\t\t\t<div class=\"elementor-widget-wrap\">\n\t\t\t\t\t\t\t<\/div>\n\t\t<\/div>\n\t\t\t\t<div class=\"jvfrm-parallax-section elementor-column elementor-col-33 elementor-top-column elementor-element elementor-element-14fdd5d\" data-id=\"14fdd5d\" data-element_type=\"column\" data-settings=\"{&quot;background_background&quot;:&quot;classic&quot;}\">\n\t\t\t<div class=\"elementor-widget-wrap elementor-element-populated\">\n\t\t\t\t\t\t<div class=\"elementor-element elementor-element-803aa3b elementor-widget elementor-widget-jv-heading\" data-id=\"803aa3b\" data-element_type=\"widget\" data-widget_type=\"jv-heading.default\">\n\t\t\t\t<div class=\"elementor-widget-container\">\n\t\t\t<div class=\"heading-wapper style1\">\r\n    <h3 class=\"heading-header jv-heading-style1\">\r\n\t\t                        \r\n                <span class=\"jv-heading-text\" >Hotel<\/span>\r\n\r\n                            <span class=\"jv-heading-style7-strip bottom\"><\/span>\r\n                \r\n\t\t    <\/h3>\r\n<\/div>\r\n<span class='des-heading-text'>Beneficios b\u00e1sicos a n\u00edvel internacional<\/span>\r\n\r\n    \t\t<\/div>\n\t\t\t\t<\/div>\n\t\t\t\t<div class=\"elementor-element elementor-element-2bc6b3e elementor-align-left elementor-icon-list--layout-traditional elementor-list-item-link-full_width elementor-widget elementor-widget-icon-list\" data-id=\"2bc6b3e\" data-element_type=\"widget\" data-widget_type=\"icon-list.default\">\n\t\t\t\t<div class=\"elementor-widget-container\">\n\t\t\t<link rel=\"stylesheet\" href=\"https:\/\/ergpr.com\/wp-content\/plugins\/elementor\/assets\/css\/widget-icon-list.min.css\">\t\t<ul class=\"elementor-icon-list-items\">\n\t\t\t\t\t\t\t<li class=\"elementor-icon-list-item\">\n\t\t\t\t\t\t\t\t\t\t\t<span class=\"elementor-icon-list-icon\">\n\t\t\t\t\t\t\t<i aria-hidden=\"true\" class=\"fas fa-spa\"><\/i>\t\t\t\t\t\t<\/span>\n\t\t\t\t\t\t\t\t\t\t<span class=\"elementor-icon-list-text\">Con m\u00e1s de 1.100 hoteles, resorts y experiencias todo incluido en m\u00e1s de 65 pa\u00edses alrededor del mundo, nuestro portafolio te ofrece una amplia selecci\u00f3n de experiencias y ofertas para disfrutar.<\/span>\n\t\t\t\t\t\t\t\t\t<\/li>\n\t\t\t\t\t\t\t\t<li class=\"elementor-icon-list-item\">\n\t\t\t\t\t\t\t\t\t\t\t<span class=\"elementor-icon-list-icon\">\n\t\t\t\t\t\t\t<i aria-hidden=\"true\" class=\"fas fa-spa\"><\/i>\t\t\t\t\t\t<\/span>\n\t\t\t\t\t\t\t\t\t\t<span class=\"elementor-icon-list-text\">Trabajar desde Hyatt: Oficina para el d\u00eda<\/span>\n\t\t\t\t\t\t\t\t\t<\/li>\n\t\t\t\t\t\t\t\t<li class=\"elementor-icon-list-item\">\n\t\t\t\t\t\t\t\t\t\t\t<span class=\"elementor-icon-list-icon\">\n\t\t\t\t\t\t\t<i aria-hidden=\"true\" class=\"fas fa-spa\"><\/i>\t\t\t\t\t\t<\/span>\n\t\t\t\t\t\t\t\t\t\t<span class=\"elementor-icon-list-text\">Disfrute del uso privado de una habitaci\u00f3n de hu\u00e9spedes de 7 a. m. a 7 p. m.<\/span>\n\t\t\t\t\t\t\t\t\t<\/li>\n\t\t\t\t\t\t\t\t<li class=\"elementor-icon-list-item\">\n\t\t\t\t\t\t\t\t\t\t\t<span class=\"elementor-icon-list-icon\">\n\t\t\t\t\t\t\t<i aria-hidden=\"true\" class=\"fas fa-spa\"><\/i>\t\t\t\t\t\t<\/span>\n\t\t\t\t\t\t\t\t\t\t<span class=\"elementor-icon-list-text\">wifi premium<\/span>\n\t\t\t\t\t\t\t\t\t<\/li>\n\t\t\t\t\t\t\t\t<li class=\"elementor-icon-list-item\">\n\t\t\t\t\t\t\t\t\t\t\t<span class=\"elementor-icon-list-icon\">\n\t\t\t\t\t\t\t<i aria-hidden=\"true\" class=\"fas fa-spa\"><\/i>\t\t\t\t\t\t<\/span>\n\t\t\t\t\t\t\t\t\t\t<span class=\"elementor-icon-list-text\">Cena<\/span>\n\t\t\t\t\t\t\t\t\t<\/li>\n\t\t\t\t\t\t\t\t<li class=\"elementor-icon-list-item\">\n\t\t\t\t\t\t\t\t\t\t\t<span class=\"elementor-icon-list-icon\">\n\t\t\t\t\t\t\t<i aria-hidden=\"true\" class=\"fas fa-spa\"><\/i>\t\t\t\t\t\t<\/span>\n\t\t\t\t\t\t\t\t\t\t<span class=\"elementor-icon-list-text\">acceso al gimnasio, piscina, spa y m\u00e1s del hotel<\/span>\n\t\t\t\t\t\t\t\t\t<\/li>\n\t\t\t\t\t\t\t\t<li class=\"elementor-icon-list-item\">\n\t\t\t\t\t\t\t\t\t\t\t<a href=\"https:\/\/www.hyatt.com\/en-US\/info\/best-rate-guarantee?icamp=woh_brg_offerspage_en\">\n\n\t\t\t\t\t\t\t\t\t\t\t\t<span class=\"elementor-icon-list-icon\">\n\t\t\t\t\t\t\t<i aria-hidden=\"true\" class=\"fas fa-spa\"><\/i>\t\t\t\t\t\t<\/span>\n\t\t\t\t\t\t\t\t\t\t<span class=\"elementor-icon-list-text\">Ahorre hasta un 10 % con la tarifa para miembros: reserve una habitaci\u00f3n est\u00e1ndar o premium en hoteles participantes.<\/span>\n\t\t\t\t\t\t\t\t\t\t\t<\/a>\n\t\t\t\t\t\t\t\t\t<\/li>\n\t\t\t\t\t\t\t\t<li class=\"elementor-icon-list-item\">\n\t\t\t\t\t\t\t\t\t\t\t<a href=\"https:\/\/www.hyatt.com\/en-US\/info\/best-rate-guarantee?icamp=woh_brg_offerspage_en\">\n\n\t\t\t\t\t\t\t\t\t\t\t\t<span class=\"elementor-icon-list-icon\">\n\t\t\t\t\t\t\t<i aria-hidden=\"true\" class=\"fas fa-spa\"><\/i>\t\t\t\t\t\t<\/span>\n\t\t\t\t\t\t\t\t\t\t<span class=\"elementor-icon-list-text\">Ahorre hasta un 15 % con la compra anticipada de la tarifa para miembros: las reservaciones deben realizarse al menos 7 d\u00edas antes de su estad\u00eda en los hoteles participantes<\/span>\n\t\t\t\t\t\t\t\t\t\t\t<\/a>\n\t\t\t\t\t\t\t\t\t<\/li>\n\t\t\t\t\t\t\t\t<li class=\"elementor-icon-list-item\">\n\t\t\t\t\t\t\t\t\t\t\t<a href=\"https:\/\/www.hyatt.com\/en-US\/info\/best-rate-guarantee?icamp=woh_brg_offerspage_en\">\n\n\t\t\t\t\t\t\t\t\t\t\t\t<span class=\"elementor-icon-list-icon\">\n\t\t\t\t\t\t\t<i aria-hidden=\"true\" class=\"fas fa-spa\"><\/i>\t\t\t\t\t\t<\/span>\n\t\t\t\t\t\t\t\t\t\t<span class=\"elementor-icon-list-text\">Desayuno buffet americano completo de cortes\u00eda<\/span>\n\t\t\t\t\t\t\t\t\t\t\t<\/a>\n\t\t\t\t\t\t\t\t\t<\/li>\n\t\t\t\t\t\t\t\t<li class=\"elementor-icon-list-item\">\n\t\t\t\t\t\t\t\t\t\t\t<a href=\"https:\/\/www.hyatt.com\/en-US\/info\/best-rate-guarantee?icamp=woh_brg_offerspage_en\">\n\n\t\t\t\t\t\t\t\t\t\t\t\t<span class=\"elementor-icon-list-icon\">\n\t\t\t\t\t\t\t<i aria-hidden=\"true\" class=\"fas fa-spa\"><\/i>\t\t\t\t\t\t<\/span>\n\t\t\t\t\t\t\t\t\t\t<span class=\"elementor-icon-list-text\">Centro de negocios con WIFI gratuito y acceso a impresi\u00f3n<\/span>\n\t\t\t\t\t\t\t\t\t\t\t<\/a>\n\t\t\t\t\t\t\t\t\t<\/li>\n\t\t\t\t\t\t<\/ul>\n\t\t\t\t<\/div>\n\t\t\t\t<\/div>\n\t\t\t\t<div class=\"elementor-element elementor-element-49b4554 elementor-widget elementor-widget-jvbpd-button\" data-id=\"49b4554\" data-element_type=\"widget\" data-widget_type=\"jvbpd-button.default\">\n\t\t\t\t<div class=\"elementor-widget-container\">\n\t\t\t\t\t<div class=\"jvbpd-button__container\">\r\n\t\t\t<a class=\"jvbpd-advanced-button jvbpd-advanced-button--icon-left hover-effect-0\" href=\"https:\/\/www.hyatt.com\/en-US\/info\/best-rate-guarantee?icamp=woh_brg_offerspage_en\" target=\"_self\" rel=\"\" >\r\n\t\t\t\t<div class=\"jvbpd-button_wapper jvbpd-button_wrapper-normal\"><\/div>\r\n\t\t\t\t<div class=\"jvbpd-button_wapper jvbpd-button_wrapper-hover\"><\/div>\r\n\t\t\t\t<div class=\"jvbpd-button_inner jvbpd-button_inner-normal\">\r\n\t\t\t\t\t<span class=\"jvbpd-button_txt\">Explorar Perfil<\/span>\t\t\t\t<\/div>\r\n\t\t\t\t<div class=\"jvbpd-button_inner jvbpd-button_inner-hover\">\r\n\t\t\t\t\t<span class=\"jvbpd-button_txt\">Explorar Perfil<\/span>\t\t\t\t<\/div>\r\n\t\t\t<\/a>\r\n\t\t<\/div>\r\n\t\t\t\t<\/div>\n\t\t\t\t<\/div>\n\t\t\t\t\t<\/div>\n\t\t<\/div>\n\t\t\t\t<div class=\"jvfrm-parallax-section elementor-column elementor-col-33 elementor-top-column elementor-element elementor-element-3735016\" data-id=\"3735016\" data-element_type=\"column\">\n\t\t\t<div class=\"elementor-widget-wrap\">\n\t\t\t\t\t\t\t<\/div>\n\t\t<\/div>\n\t\t\t\t\t<\/div>\n\t\t<\/section>\n\t\t\t\t<section class=\"elementor-section elementor-top-section elementor-element elementor-element-50d2243 elementor-section-boxed elementor-section-height-default elementor-section-height-default\" data-id=\"50d2243\" data-element_type=\"section\">\n\t\t\t\t\t\t<div class=\"elementor-container elementor-column-gap-default\">\n\t\t\t\t\t<div class=\"jvfrm-parallax-section elementor-column elementor-col-50 elementor-top-column elementor-element elementor-element-f429ae8\" data-id=\"f429ae8\" data-element_type=\"column\">\n\t\t\t<div class=\"elementor-widget-wrap elementor-element-populated\">\n\t\t\t\t\t\t<div class=\"elementor-element elementor-element-bf95ffa elementor-widget elementor-widget-jvbpd-button\" data-id=\"bf95ffa\" data-element_type=\"widget\" data-widget_type=\"jvbpd-button.default\">\n\t\t\t\t<div class=\"elementor-widget-container\">\n\t\t\t\t\t<div class=\"jvbpd-button__container\">\r\n\t\t\t<a class=\"jvbpd-advanced-button jvbpd-advanced-button--icon-left hover-effect-0\" href=\"\/membresias-internacionales\/\" target=\"_self\" rel=\"\" >\r\n\t\t\t\t<div class=\"jvbpd-button_wapper jvbpd-button_wrapper-normal\"><\/div>\r\n\t\t\t\t<div class=\"jvbpd-button_wapper jvbpd-button_wrapper-hover\"><\/div>\r\n\t\t\t\t<div class=\"jvbpd-button_inner jvbpd-button_inner-normal\">\r\n\t\t\t\t\t<span class=\"jvbpd-button_txt\">Volver a p\u00e1gina de membres\u00edas<\/span>\t\t\t\t<\/div>\r\n\t\t\t\t<div class=\"jvbpd-button_inner jvbpd-button_inner-hover\">\r\n\t\t\t\t\t<span class=\"jvbpd-button_icon\"><i class=\"fa fa-angle-left\"><\/i><\/span><span class=\"jvbpd-button_txt\">Volver a p\u00e1gina de membres\u00edas<\/span>\t\t\t\t<\/div>\r\n\t\t\t<\/a>\r\n\t\t<\/div>\r\n\t\t\t\t<\/div>\n\t\t\t\t<\/div>\n\t\t\t\t\t<\/div>\n\t\t<\/div>\n\t\t\t\t<div class=\"jvfrm-parallax-section elementor-column elementor-col-50 elementor-top-column elementor-element elementor-element-d1375dc\" data-id=\"d1375dc\" data-element_type=\"column\">\n\t\t\t<div class=\"elementor-widget-wrap elementor-element-populated\">\n\t\t\t\t\t\t<div class=\"elementor-element elementor-element-c0da7a6 elementor-widget elementor-widget-jvbpd-button\" data-id=\"c0da7a6\" data-element_type=\"widget\" data-widget_type=\"jvbpd-button.default\">\n\t\t\t\t<div class=\"elementor-widget-container\">\n\t\t\t\t\t<div class=\"jvbpd-button__container\">\r\n\t\t\t<a class=\"jvbpd-advanced-button jvbpd-advanced-button--icon-left hover-effect-0\" href=\"https:\/\/ergpr.com\/es\/niveles-de-membresia\/\" target=\"_self\" rel=\"\" >\r\n\t\t\t\t<div class=\"jvbpd-button_wapper jvbpd-button_wrapper-normal\"><\/div>\r\n\t\t\t\t<div class=\"jvbpd-button_wapper jvbpd-button_wrapper-hover\"><\/div>\r\n\t\t\t\t<div class=\"jvbpd-button_inner jvbpd-button_inner-normal\">\r\n\t\t\t\t\t<span class=\"jvbpd-button_txt\">Comprar membres\u00eda<\/span>\t\t\t\t<\/div>\r\n\t\t\t\t<div class=\"jvbpd-button_inner jvbpd-button_inner-hover\">\r\n\t\t\t\t\t<span class=\"jvbpd-button_txt\">Comprar membres\u00eda<\/span>\t\t\t\t<\/div>\r\n\t\t\t<\/a>\r\n\t\t<\/div>\r\n\t\t\t\t<\/div>\n\t\t\t\t<\/div>\n\t\t\t\t\t<\/div>\n\t\t<\/div>\n\t\t\t\t\t<\/div>\n\t\t<\/section>\n\t\t\t\t<section class=\"elementor-section elementor-top-section elementor-element elementor-element-f7c5ed7 elementor-section-boxed elementor-section-height-default elementor-section-height-default\" data-id=\"f7c5ed7\" data-element_type=\"section\">\n\t\t\t\t\t\t<div class=\"elementor-container elementor-column-gap-default\">\n\t\t\t\t\t<div class=\"jvfrm-parallax-section elementor-column elementor-col-100 elementor-top-column elementor-element elementor-element-8c512d3\" data-id=\"8c512d3\" data-element_type=\"column\">\n\t\t\t<div class=\"elementor-widget-wrap\">\n\t\t\t\t\t\t\t<\/div>\n\t\t<\/div>\n\t\t\t\t\t<\/div>\n\t\t<\/section>\n\t\t\t\t<\/div>\n\t\t","protected":false},"excerpt":{"rendered":"<p>Deluxe International Membres\u00eda Internacional Hotel Beneficios b\u00e1sicos a n\u00edvel internacional Con m\u00e1s de 1.100 hoteles, resorts y experiencias todo incluido en m\u00e1s de 65 pa\u00edses alrededor del mundo, nuestro portafolio te ofrece una amplia selecci\u00f3n de experiencias y ofertas para disfrutar. Trabajar desde Hyatt: Oficina para el d\u00eda Disfrute del uso privado de una habitaci\u00f3n [&hellip;]<\/p>\n","protected":false},"author":482,"featured_media":0,"parent":0,"menu_order":0,"comment_status":"closed","ping_status":"closed","template":"","meta":{"_acf_changed":false,"pmpro_default_level":0,"footnotes":""},"class_list":["post-6010","page","type-page","status-publish","hentry","pmpro-has-access"],"acf":[],"aioseo_notices":[],"_links":{"self":[{"href":"https:\/\/ergpr.com\/es\/wp-json\/wp\/v2\/pages\/6010","targetHints":{"allow":["GET"]}}],"collection":[{"href":"https:\/\/ergpr.com\/es\/wp-json\/wp\/v2\/pages"}],"about":[{"href":"https:\/\/ergpr.com\/es\/wp-json\/wp\/v2\/types\/page"}],"author":[{"embeddable":true,"href":"https:\/\/ergpr.com\/es\/wp-json\/wp\/v2\/users\/482"}],"replies":[{"embeddable":true,"href":"https:\/\/ergpr.com\/es\/wp-json\/wp\/v2\/comments?post=6010"}],"version-history":[{"count":36,"href":"https:\/\/ergpr.com\/es\/wp-json\/wp\/v2\/pages\/6010\/revisions"}],"predecessor-version":[{"id":10666,"href":"https:\/\/ergpr.com\/es\/wp-json\/wp\/v2\/pages\/6010\/revisions\/10666"}],"wp:attachment":[{"href":"https:\/\/ergpr.com\/es\/wp-json\/wp\/v2\/media?parent=6010"}],"curies":[{"name":"wp","href":"https:\/\/api.w.org\/{rel}","templated":true}]}}